{"id":33167,"date":"2025-06-23T03:08:06","date_gmt":"2025-06-23T11:08:06","guid":{"rendered":"http:\/\/45.63.70.205\/?post_type=product&#038;p=33167"},"modified":"2025-06-23T03:08:28","modified_gmt":"2025-06-23T11:08:28","slug":"wholesale-custom-a6-spiral-softcover-notebook-great-for-daily-notes-at-school-work-or-on-the-go","status":"publish","type":"product","link":"http:\/\/shinyyoustationery.com\/pt\/wholesale-custom-a6-spiral-softcover-notebook-great-for-daily-notes-at-school-work-or-on-the-go\/","title":{"rendered":"Wholesale Custom A6 Spiral Softcover Notebook \u00d3timo para notas di\u00e1rias na escola, no trabalho ou em viagem"},"content":{"rendered":"","protected":false},"excerpt":{"rendered":"<p>D\u00ea as boas-vindas a novas ideias com este alegre caderno A6 de capa mole e espiral com a frase divertida \"Hello Lemon\". Com uma encaderna\u00e7\u00e3o em arame resistente e um tamanho compacto e port\u00e1til, \u00e9 perfeito para anotar pensamentos r\u00e1pidos, notas de aula ou tarefas di\u00e1rias onde quer que esteja. Uma adi\u00e7\u00e3o brilhante e alegre a qualquer cole\u00e7\u00e3o de artigos de papelaria.<\/p>","protected":false},"featured_media":33169,"template":"","meta":[],"product_brand":[],"product_cat":[493,668],"product_tag":[],"class_list":{"0":"post-33167","1":"product","2":"type-product","3":"status-publish","4":"has-post-thumbnail","6":"product_cat-spiral-notebook","7":"product_cat-softcover-notebook","9":"first","10":"instock","11":"shipping-taxable","12":"product-type-simple"},"_links":{"self":[{"href":"http:\/\/shinyyoustationery.com\/pt\/wp-json\/wp\/v2\/product\/33167","targetHints":{"allow":["GET"]}}],"collection":[{"href":"http:\/\/shinyyoustationery.com\/pt\/wp-json\/wp\/v2\/product"}],"about":[{"href":"http:\/\/shinyyoustationery.com\/pt\/wp-json\/wp\/v2\/types\/product"}],"version-history":[{"count":0,"href":"http:\/\/shinyyoustationery.com\/pt\/wp-json\/wp\/v2\/product\/33167\/revisions"}],"wp:featuredmedia":[{"embeddable":true,"href":"http:\/\/shinyyoustationery.com\/pt\/wp-json\/wp\/v2\/media\/33169"}],"wp:attachment":[{"href":"http:\/\/shinyyoustationery.com\/pt\/wp-json\/wp\/v2\/media?parent=33167"}],"wp:term":[{"taxonomy":"product_brand","embeddable":true,"href":"http:\/\/shinyyoustationery.com\/pt\/wp-json\/wp\/v2\/product_brand?post=33167"},{"taxonomy":"product_cat","embeddable":true,"href":"http:\/\/shinyyoustationery.com\/pt\/wp-json\/wp\/v2\/product_cat?post=33167"},{"taxonomy":"product_tag","embeddable":true,"href":"http:\/\/shinyyoustationery.com\/pt\/wp-json\/wp\/v2\/product_tag?post=33167"}],"curies":[{"name":"wp","href":"https:\/\/api.w.org\/{rel}","templated":true}]}}