{"id":33176,"date":"2025-06-23T03:31:35","date_gmt":"2025-06-23T11:31:35","guid":{"rendered":"http:\/\/45.63.70.205\/?post_type=product&#038;p=33176"},"modified":"2025-06-23T03:32:09","modified_gmt":"2025-06-23T11:32:09","slug":"wholesale-custom-a5-pu-hardcover-notebook-for-office-school-or-daily-goals","status":"publish","type":"product","link":"http:\/\/shinyyoustationery.com\/pt\/wholesale-custom-a5-pu-hardcover-notebook-for-office-school-or-daily-goals\/","title":{"rendered":"Caderno de capa dura A5 PU personalizado por atacado para escrit\u00f3rio, escola ou objectivos di\u00e1rios"},"content":{"rendered":"","protected":false},"excerpt":{"rendered":"<p data-start=\"231\" data-end=\"634\">Melhore a sua experi\u00eancia de escrita com este elegante caderno A5 PU de capa dura com um refrescante acabamento em azul-\u00e1gua. Com a frase motivacional \"Pense em grande, escreva em grande\" e preso com um el\u00e1stico amarelo vibrante acentuado por um amuleto em forma de lim\u00e3o, este caderno \u00e9 t\u00e3o funcional como apelativo. Ideal para escrever um di\u00e1rio, tomar notas ou planear no trabalho, na escola ou em viagem.<\/p>","protected":false},"featured_media":33177,"template":"","meta":[],"product_brand":[],"product_cat":[667,682],"product_tag":[],"class_list":{"0":"post-33176","1":"product","2":"type-product","3":"status-publish","4":"has-post-thumbnail","6":"product_cat-hardcover-notebook","7":"product_cat-lemon-collection","9":"first","10":"instock","11":"shipping-taxable","12":"product-type-simple"},"_links":{"self":[{"href":"http:\/\/shinyyoustationery.com\/pt\/wp-json\/wp\/v2\/product\/33176","targetHints":{"allow":["GET"]}}],"collection":[{"href":"http:\/\/shinyyoustationery.com\/pt\/wp-json\/wp\/v2\/product"}],"about":[{"href":"http:\/\/shinyyoustationery.com\/pt\/wp-json\/wp\/v2\/types\/product"}],"version-history":[{"count":0,"href":"http:\/\/shinyyoustationery.com\/pt\/wp-json\/wp\/v2\/product\/33176\/revisions"}],"wp:featuredmedia":[{"embeddable":true,"href":"http:\/\/shinyyoustationery.com\/pt\/wp-json\/wp\/v2\/media\/33177"}],"wp:attachment":[{"href":"http:\/\/shinyyoustationery.com\/pt\/wp-json\/wp\/v2\/media?parent=33176"}],"wp:term":[{"taxonomy":"product_brand","embeddable":true,"href":"http:\/\/shinyyoustationery.com\/pt\/wp-json\/wp\/v2\/product_brand?post=33176"},{"taxonomy":"product_cat","embeddable":true,"href":"http:\/\/shinyyoustationery.com\/pt\/wp-json\/wp\/v2\/product_cat?post=33176"},{"taxonomy":"product_tag","embeddable":true,"href":"http:\/\/shinyyoustationery.com\/pt\/wp-json\/wp\/v2\/product_tag?post=33176"}],"curies":[{"name":"wp","href":"https:\/\/api.w.org\/{rel}","templated":true}]}}