{"id":33193,"date":"2025-06-23T17:55:38","date_gmt":"2025-06-24T01:55:38","guid":{"rendered":"http:\/\/45.63.70.205\/?post_type=product&#038;p=33193"},"modified":"2025-06-23T17:55:38","modified_gmt":"2025-06-24T01:55:38","slug":"wholesale-custom-a5-pu-hardcover-notebook-for-work-study-or-personal-goals","status":"publish","type":"product","link":"http:\/\/shinyyoustationery.com\/pt\/wholesale-custom-a5-pu-hardcover-notebook-for-work-study-or-personal-goals\/","title":{"rendered":"Caderno de capa dura A5 PU personalizado por atacado para trabalho, estudo ou objectivos pessoais"},"content":{"rendered":"","protected":false},"excerpt":{"rendered":"<p>Entre no futuro com este elegante caderno A5 PU de capa dura, que apresenta a mensagem inspiradora \"Writing the Future\" (Escrever o Futuro) em letras ousadas. O charme vibrante do lim\u00e3o e o fecho el\u00e1stico turquesa d\u00e3o um toque de cor fresco \u00e0s suas anota\u00e7\u00f5es di\u00e1rias. Perfeito para escrever um di\u00e1rio, organizar os seus pensamentos ou definir objectivos pessoais, este caderno \u00e9 ideal para a escola, para o trabalho ou para uso pessoal.<\/p>","protected":false},"featured_media":33194,"template":"","meta":[],"product_brand":[],"product_cat":[667,682],"product_tag":[],"class_list":{"0":"post-33193","1":"product","2":"type-product","3":"status-publish","4":"has-post-thumbnail","6":"product_cat-hardcover-notebook","7":"product_cat-lemon-collection","9":"first","10":"instock","11":"shipping-taxable","12":"product-type-simple"},"_links":{"self":[{"href":"http:\/\/shinyyoustationery.com\/pt\/wp-json\/wp\/v2\/product\/33193","targetHints":{"allow":["GET"]}}],"collection":[{"href":"http:\/\/shinyyoustationery.com\/pt\/wp-json\/wp\/v2\/product"}],"about":[{"href":"http:\/\/shinyyoustationery.com\/pt\/wp-json\/wp\/v2\/types\/product"}],"version-history":[{"count":0,"href":"http:\/\/shinyyoustationery.com\/pt\/wp-json\/wp\/v2\/product\/33193\/revisions"}],"wp:featuredmedia":[{"embeddable":true,"href":"http:\/\/shinyyoustationery.com\/pt\/wp-json\/wp\/v2\/media\/33194"}],"wp:attachment":[{"href":"http:\/\/shinyyoustationery.com\/pt\/wp-json\/wp\/v2\/media?parent=33193"}],"wp:term":[{"taxonomy":"product_brand","embeddable":true,"href":"http:\/\/shinyyoustationery.com\/pt\/wp-json\/wp\/v2\/product_brand?post=33193"},{"taxonomy":"product_cat","embeddable":true,"href":"http:\/\/shinyyoustationery.com\/pt\/wp-json\/wp\/v2\/product_cat?post=33193"},{"taxonomy":"product_tag","embeddable":true,"href":"http:\/\/shinyyoustationery.com\/pt\/wp-json\/wp\/v2\/product_tag?post=33193"}],"curies":[{"name":"wp","href":"https:\/\/api.w.org\/{rel}","templated":true}]}}