{"id":33207,"date":"2025-06-23T18:22:39","date_gmt":"2025-06-24T02:22:39","guid":{"rendered":"http:\/\/45.63.70.205\/?post_type=product&#038;p=33207"},"modified":"2025-06-23T18:22:39","modified_gmt":"2025-06-24T02:22:39","slug":"wholesale-custom-a5-spiral-notebook-bright-lemon-pattern-for-school-office","status":"publish","type":"product","link":"http:\/\/shinyyoustationery.com\/pt\/wholesale-custom-a5-spiral-notebook-bright-lemon-pattern-for-school-office\/","title":{"rendered":"Caderno espiral A5 personalizado por atacado com padr\u00e3o de lim\u00e3o brilhante para escola e escrit\u00f3rio"},"content":{"rendered":"","protected":false},"excerpt":{"rendered":"<p>D\u00ea um toque de cor \u00e0s suas notas com este caderno espiral A5 que apresenta um padr\u00e3o de lim\u00e3o arrojado e divertido num fundo azul fresco. O design vibrante torna-o perfeito para anotar ideias, tomar notas ou planear tarefas na escola, no trabalho ou em casa. Com a sua encaderna\u00e7\u00e3o em espiral resistente e o seu design divertido, este caderno \u00e9 um excelente companheiro para qualquer atividade criativa ou organizacional.<\/p>","protected":false},"featured_media":33208,"template":"","meta":[],"product_brand":[],"product_cat":[682,493],"product_tag":[],"class_list":{"0":"post-33207","1":"product","2":"type-product","3":"status-publish","4":"has-post-thumbnail","6":"product_cat-lemon-collection","7":"product_cat-spiral-notebook","9":"first","10":"instock","11":"shipping-taxable","12":"product-type-simple"},"_links":{"self":[{"href":"http:\/\/shinyyoustationery.com\/pt\/wp-json\/wp\/v2\/product\/33207","targetHints":{"allow":["GET"]}}],"collection":[{"href":"http:\/\/shinyyoustationery.com\/pt\/wp-json\/wp\/v2\/product"}],"about":[{"href":"http:\/\/shinyyoustationery.com\/pt\/wp-json\/wp\/v2\/types\/product"}],"version-history":[{"count":0,"href":"http:\/\/shinyyoustationery.com\/pt\/wp-json\/wp\/v2\/product\/33207\/revisions"}],"wp:featuredmedia":[{"embeddable":true,"href":"http:\/\/shinyyoustationery.com\/pt\/wp-json\/wp\/v2\/media\/33208"}],"wp:attachment":[{"href":"http:\/\/shinyyoustationery.com\/pt\/wp-json\/wp\/v2\/media?parent=33207"}],"wp:term":[{"taxonomy":"product_brand","embeddable":true,"href":"http:\/\/shinyyoustationery.com\/pt\/wp-json\/wp\/v2\/product_brand?post=33207"},{"taxonomy":"product_cat","embeddable":true,"href":"http:\/\/shinyyoustationery.com\/pt\/wp-json\/wp\/v2\/product_cat?post=33207"},{"taxonomy":"product_tag","embeddable":true,"href":"http:\/\/shinyyoustationery.com\/pt\/wp-json\/wp\/v2\/product_tag?post=33207"}],"curies":[{"name":"wp","href":"https:\/\/api.w.org\/{rel}","templated":true}]}}