{"id":33211,"date":"2025-06-23T18:36:32","date_gmt":"2025-06-24T02:36:32","guid":{"rendered":"http:\/\/45.63.70.205\/?post_type=product&#038;p=33211"},"modified":"2025-08-13T05:31:50","modified_gmt":"2025-08-13T13:31:50","slug":"wholesale-custom-lemon-themed-whiteboard-with-pen-for-home-office-or-school","status":"publish","type":"product","link":"http:\/\/shinyyoustationery.com\/pt\/wholesale-custom-lemon-themed-whiteboard-with-pen-for-home-office-or-school\/","title":{"rendered":"Quadro branco personalizado com tema de lim\u00e3o e caneta para casa, escrit\u00f3rio ou escola"},"content":{"rendered":"","protected":false},"excerpt":{"rendered":"<p>Mantenha as suas ideias organizadas com este divertido conjunto de quadro branco e caneta com tema de lim\u00e3o. Com um rebordo amarelo vivo e um pr\u00e1tico suporte para marcador, este quadro branco compacto \u00e9 perfeito para anotar notas r\u00e1pidas, lembretes ou planear tarefas em casa, no escrit\u00f3rio ou na escola. O seu design leve torna-o f\u00e1cil de pendurar e o marcador inclu\u00eddo garante que est\u00e1 sempre pronto a escrever.<\/p>","protected":false},"featured_media":33212,"template":"","meta":[],"product_brand":[],"product_cat":[682,454],"product_tag":[],"class_list":{"0":"post-33211","1":"product","2":"type-product","3":"status-publish","4":"has-post-thumbnail","6":"product_cat-lemon-collection","7":"product_cat-whiteboard","9":"first","10":"instock","11":"shipping-taxable","12":"product-type-simple"},"_links":{"self":[{"href":"http:\/\/shinyyoustationery.com\/pt\/wp-json\/wp\/v2\/product\/33211","targetHints":{"allow":["GET"]}}],"collection":[{"href":"http:\/\/shinyyoustationery.com\/pt\/wp-json\/wp\/v2\/product"}],"about":[{"href":"http:\/\/shinyyoustationery.com\/pt\/wp-json\/wp\/v2\/types\/product"}],"version-history":[{"count":0,"href":"http:\/\/shinyyoustationery.com\/pt\/wp-json\/wp\/v2\/product\/33211\/revisions"}],"wp:featuredmedia":[{"embeddable":true,"href":"http:\/\/shinyyoustationery.com\/pt\/wp-json\/wp\/v2\/media\/33212"}],"wp:attachment":[{"href":"http:\/\/shinyyoustationery.com\/pt\/wp-json\/wp\/v2\/media?parent=33211"}],"wp:term":[{"taxonomy":"product_brand","embeddable":true,"href":"http:\/\/shinyyoustationery.com\/pt\/wp-json\/wp\/v2\/product_brand?post=33211"},{"taxonomy":"product_cat","embeddable":true,"href":"http:\/\/shinyyoustationery.com\/pt\/wp-json\/wp\/v2\/product_cat?post=33211"},{"taxonomy":"product_tag","embeddable":true,"href":"http:\/\/shinyyoustationery.com\/pt\/wp-json\/wp\/v2\/product_tag?post=33211"}],"curies":[{"name":"wp","href":"https:\/\/api.w.org\/{rel}","templated":true}]}}