{"id":33214,"date":"2025-06-23T18:56:19","date_gmt":"2025-06-24T02:56:19","guid":{"rendered":"http:\/\/45.63.70.205\/?post_type=product&#038;p=33214"},"modified":"2025-08-13T04:02:51","modified_gmt":"2025-08-13T12:02:51","slug":"wholesale-custom-lemon-print-document-bag-stylish-and-practical-organizer-for-work-school-or-travel","status":"publish","type":"product","link":"http:\/\/shinyyoustationery.com\/pt\/wholesale-custom-lemon-print-document-bag-stylish-and-practical-organizer-for-work-school-or-travel\/","title":{"rendered":"Saco para documentos com impress\u00e3o de lim\u00e3o personalizado por atacado Organizador elegante e pr\u00e1tico para o trabalho, escola ou viagem"},"content":{"rendered":"","protected":false},"excerpt":{"rendered":"","protected":false},"featured_media":33216,"template":"","meta":[],"product_brand":[],"product_cat":[682,675,402,412,427,438,531],"product_tag":[],"class_list":{"0":"post-33214","1":"product","2":"type-product","3":"status-publish","4":"has-post-thumbnail","6":"product_cat-lemon-collection","7":"product_cat-school-desk-organizer","8":"product_cat-desk-organizer-accessories","9":"product_cat-document-file-folder","10":"product_cat-desk-organizer","11":"product_cat-document-file-holder","12":"product_cat-document-bag-case","14":"first","15":"instock","16":"shipping-taxable","17":"product-type-simple"},"_links":{"self":[{"href":"http:\/\/shinyyoustationery.com\/pt\/wp-json\/wp\/v2\/product\/33214","targetHints":{"allow":["GET"]}}],"collection":[{"href":"http:\/\/shinyyoustationery.com\/pt\/wp-json\/wp\/v2\/product"}],"about":[{"href":"http:\/\/shinyyoustationery.com\/pt\/wp-json\/wp\/v2\/types\/product"}],"version-history":[{"count":0,"href":"http:\/\/shinyyoustationery.com\/pt\/wp-json\/wp\/v2\/product\/33214\/revisions"}],"wp:featuredmedia":[{"embeddable":true,"href":"http:\/\/shinyyoustationery.com\/pt\/wp-json\/wp\/v2\/media\/33216"}],"wp:attachment":[{"href":"http:\/\/shinyyoustationery.com\/pt\/wp-json\/wp\/v2\/media?parent=33214"}],"wp:term":[{"taxonomy":"product_brand","embeddable":true,"href":"http:\/\/shinyyoustationery.com\/pt\/wp-json\/wp\/v2\/product_brand?post=33214"},{"taxonomy":"product_cat","embeddable":true,"href":"http:\/\/shinyyoustationery.com\/pt\/wp-json\/wp\/v2\/product_cat?post=33214"},{"taxonomy":"product_tag","embeddable":true,"href":"http:\/\/shinyyoustationery.com\/pt\/wp-json\/wp\/v2\/product_tag?post=33214"}],"curies":[{"name":"wp","href":"https:\/\/api.w.org\/{rel}","templated":true}]}}