{"id":33224,"date":"2025-06-23T21:11:28","date_gmt":"2025-06-24T05:11:28","guid":{"rendered":"http:\/\/45.63.70.205\/?post_type=product&#038;p=33224"},"modified":"2025-07-07T15:20:40","modified_gmt":"2025-07-07T07:20:40","slug":"wholesale-custom-lemon-print-pencil-case-fun-spacious-and-stylish-for-school-or-office","status":"publish","type":"product","link":"http:\/\/shinyyoustationery.com\/pt\/wholesale-custom-lemon-print-pencil-case-fun-spacious-and-stylish-for-school-or-office\/","title":{"rendered":"Estojo para l\u00e1pis com impress\u00e3o de lim\u00e3o personalizado por grosso Divertido, espa\u00e7oso e elegante para a escola ou o escrit\u00f3rio"},"content":{"rendered":"","protected":false},"excerpt":{"rendered":"<p>Ilumine o seu material escolar ou de escrit\u00f3rio com este divertido estojo com estampado de lim\u00e3o. Concebido com um fundo turquesa vibrante e divertidos lim\u00f5es amarelos, este estojo \u00e9 t\u00e3o alegre como pr\u00e1tico. O design espa\u00e7oso permite-lhe organizar facilmente as suas canetas, l\u00e1pis e outros artigos de papelaria. Quer esteja na aula ou no trabalho, este estojo apelativo d\u00e1 um toque de cor aos seus objectos essenciais di\u00e1rios.<\/p>","protected":false},"featured_media":33226,"template":"","meta":[],"product_brand":[],"product_cat":[682,477,520],"product_tag":[],"class_list":{"0":"post-33224","1":"product","2":"type-product","3":"status-publish","4":"has-post-thumbnail","6":"product_cat-lemon-collection","7":"product_cat-school-bags","8":"product_cat-pencil-case-pouch","10":"first","11":"instock","12":"shipping-taxable","13":"product-type-simple"},"_links":{"self":[{"href":"http:\/\/shinyyoustationery.com\/pt\/wp-json\/wp\/v2\/product\/33224","targetHints":{"allow":["GET"]}}],"collection":[{"href":"http:\/\/shinyyoustationery.com\/pt\/wp-json\/wp\/v2\/product"}],"about":[{"href":"http:\/\/shinyyoustationery.com\/pt\/wp-json\/wp\/v2\/types\/product"}],"version-history":[{"count":0,"href":"http:\/\/shinyyoustationery.com\/pt\/wp-json\/wp\/v2\/product\/33224\/revisions"}],"wp:featuredmedia":[{"embeddable":true,"href":"http:\/\/shinyyoustationery.com\/pt\/wp-json\/wp\/v2\/media\/33226"}],"wp:attachment":[{"href":"http:\/\/shinyyoustationery.com\/pt\/wp-json\/wp\/v2\/media?parent=33224"}],"wp:term":[{"taxonomy":"product_brand","embeddable":true,"href":"http:\/\/shinyyoustationery.com\/pt\/wp-json\/wp\/v2\/product_brand?post=33224"},{"taxonomy":"product_cat","embeddable":true,"href":"http:\/\/shinyyoustationery.com\/pt\/wp-json\/wp\/v2\/product_cat?post=33224"},{"taxonomy":"product_tag","embeddable":true,"href":"http:\/\/shinyyoustationery.com\/pt\/wp-json\/wp\/v2\/product_tag?post=33224"}],"curies":[{"name":"wp","href":"https:\/\/api.w.org\/{rel}","templated":true}]}}