{"id":33229,"date":"2025-06-23T21:13:25","date_gmt":"2025-06-24T05:13:25","guid":{"rendered":"http:\/\/45.63.70.205\/?post_type=product&#038;p=33229"},"modified":"2025-07-07T15:20:33","modified_gmt":"2025-07-07T07:20:33","slug":"wholesale-custom-lemon-print-pencil-case-fun-and-practical-for-school-or-office","status":"publish","type":"product","link":"http:\/\/shinyyoustationery.com\/pt\/wholesale-custom-lemon-print-pencil-case-fun-and-practical-for-school-or-office\/","title":{"rendered":"Estojo para l\u00e1pis com impress\u00e3o de lim\u00e3o personalizado por grosso Divertido e pr\u00e1tico para a escola ou o escrit\u00f3rio"},"content":{"rendered":"","protected":false},"excerpt":{"rendered":"<p>Este estojo com estampado de lim\u00e3o vibrante d\u00e1 um toque de cor aos seus objectos essenciais do dia a dia. Com a sua refrescante cor turquesa e o divertido padr\u00e3o amarelo lim\u00e3o, este estojo \u00e9 simultaneamente elegante e funcional. O interior espa\u00e7oso permite-lhe guardar canetas, l\u00e1pis ou outros objectos pequenos de forma segura. Perfeito para a escola, o trabalho ou as viagens, este bonito estojo para l\u00e1pis d\u00e1 um toque alegre \u00e0 sua organiza\u00e7\u00e3o.<\/p>","protected":false},"featured_media":33230,"template":"","meta":[],"product_brand":[],"product_cat":[682,520,477],"product_tag":[],"class_list":{"0":"post-33229","1":"product","2":"type-product","3":"status-publish","4":"has-post-thumbnail","6":"product_cat-lemon-collection","7":"product_cat-pencil-case-pouch","8":"product_cat-school-bags","10":"first","11":"instock","12":"shipping-taxable","13":"product-type-simple"},"_links":{"self":[{"href":"http:\/\/shinyyoustationery.com\/pt\/wp-json\/wp\/v2\/product\/33229","targetHints":{"allow":["GET"]}}],"collection":[{"href":"http:\/\/shinyyoustationery.com\/pt\/wp-json\/wp\/v2\/product"}],"about":[{"href":"http:\/\/shinyyoustationery.com\/pt\/wp-json\/wp\/v2\/types\/product"}],"version-history":[{"count":0,"href":"http:\/\/shinyyoustationery.com\/pt\/wp-json\/wp\/v2\/product\/33229\/revisions"}],"wp:featuredmedia":[{"embeddable":true,"href":"http:\/\/shinyyoustationery.com\/pt\/wp-json\/wp\/v2\/media\/33230"}],"wp:attachment":[{"href":"http:\/\/shinyyoustationery.com\/pt\/wp-json\/wp\/v2\/media?parent=33229"}],"wp:term":[{"taxonomy":"product_brand","embeddable":true,"href":"http:\/\/shinyyoustationery.com\/pt\/wp-json\/wp\/v2\/product_brand?post=33229"},{"taxonomy":"product_cat","embeddable":true,"href":"http:\/\/shinyyoustationery.com\/pt\/wp-json\/wp\/v2\/product_cat?post=33229"},{"taxonomy":"product_tag","embeddable":true,"href":"http:\/\/shinyyoustationery.com\/pt\/wp-json\/wp\/v2\/product_tag?post=33229"}],"curies":[{"name":"wp","href":"https:\/\/api.w.org\/{rel}","templated":true}]}}