{"id":33234,"date":"2025-06-23T21:25:10","date_gmt":"2025-06-24T05:25:10","guid":{"rendered":"http:\/\/45.63.70.205\/?post_type=product&#038;p=33234"},"modified":"2025-06-23T21:25:10","modified_gmt":"2025-06-24T05:25:10","slug":"wholesale-custom-neon-green-rubber-bands-versatile-and-durable-for-office-school-or-home","status":"publish","type":"product","link":"http:\/\/shinyyoustationery.com\/pt\/wholesale-custom-neon-green-rubber-bands-versatile-and-durable-for-office-school-or-home\/","title":{"rendered":"Faixas de borracha verde n\u00e9on personalizadas por atacado Vers\u00e1teis e dur\u00e1veis para escrit\u00f3rio, escola ou casa"},"content":{"rendered":"","protected":false},"excerpt":{"rendered":"<p>Estes el\u00e1sticos verdes n\u00e9on vibrantes s\u00e3o perfeitos para todas as suas necessidades de organiza\u00e7\u00e3o e agrupamento. Embalados num pr\u00e1tico frasco transparente, s\u00e3o f\u00e1ceis de guardar e de aceder. Utilize-os para guardar pap\u00e9is, organizar artigos de papelaria ou manter pequenos objectos juntos em casa, na escola ou no escrit\u00f3rio. A sua cor n\u00e9on arrojada d\u00e1 um toque divertido e brilhante ao seu espa\u00e7o de trabalho!<\/p>","protected":false},"featured_media":33235,"template":"","meta":[],"product_brand":[],"product_cat":[682,423],"product_tag":[],"class_list":{"0":"post-33234","1":"product","2":"type-product","3":"status-publish","4":"has-post-thumbnail","6":"product_cat-lemon-collection","7":"product_cat-rubber-band","9":"first","10":"instock","11":"shipping-taxable","12":"product-type-simple"},"_links":{"self":[{"href":"http:\/\/shinyyoustationery.com\/pt\/wp-json\/wp\/v2\/product\/33234","targetHints":{"allow":["GET"]}}],"collection":[{"href":"http:\/\/shinyyoustationery.com\/pt\/wp-json\/wp\/v2\/product"}],"about":[{"href":"http:\/\/shinyyoustationery.com\/pt\/wp-json\/wp\/v2\/types\/product"}],"version-history":[{"count":0,"href":"http:\/\/shinyyoustationery.com\/pt\/wp-json\/wp\/v2\/product\/33234\/revisions"}],"wp:featuredmedia":[{"embeddable":true,"href":"http:\/\/shinyyoustationery.com\/pt\/wp-json\/wp\/v2\/media\/33235"}],"wp:attachment":[{"href":"http:\/\/shinyyoustationery.com\/pt\/wp-json\/wp\/v2\/media?parent=33234"}],"wp:term":[{"taxonomy":"product_brand","embeddable":true,"href":"http:\/\/shinyyoustationery.com\/pt\/wp-json\/wp\/v2\/product_brand?post=33234"},{"taxonomy":"product_cat","embeddable":true,"href":"http:\/\/shinyyoustationery.com\/pt\/wp-json\/wp\/v2\/product_cat?post=33234"},{"taxonomy":"product_tag","embeddable":true,"href":"http:\/\/shinyyoustationery.com\/pt\/wp-json\/wp\/v2\/product_tag?post=33234"}],"curies":[{"name":"wp","href":"https:\/\/api.w.org\/{rel}","templated":true}]}}