{"id":33242,"date":"2025-06-23T21:56:04","date_gmt":"2025-06-24T05:56:04","guid":{"rendered":"http:\/\/45.63.70.205\/?post_type=product&#038;p=33242"},"modified":"2025-07-02T19:45:15","modified_gmt":"2025-07-02T11:45:15","slug":"wholesale-custom-lemon-highlighter-set-4-pack-in-soft-pastel-colors-for-school-or-office","status":"publish","type":"product","link":"http:\/\/shinyyoustationery.com\/pt\/wholesale-custom-lemon-highlighter-set-4-pack-in-soft-pastel-colors-for-school-or-office\/","title":{"rendered":"Conjunto de 4 marcadores de lim\u00e3o personalizados por atacado em cores pastel suaves para escola ou escrit\u00f3rio"},"content":{"rendered":"","protected":false},"excerpt":{"rendered":"<p>Realce com estilo com este pack de 4 marcadores em tons pastel suaves. Com tons vibrantes de verde, amarelo e azul, estes marcadores v\u00eam num estojo transparente com fecho de correr e um design divertido com estampado de lim\u00e3o. Perfeitos para a escola, escrit\u00f3rio ou projectos criativos, estes marcadores oferecem cores suaves e arrojadas para o ajudar a marcar notas, ideias ou textos importantes com facilidade.<\/p>","protected":false},"featured_media":33243,"template":"","meta":[],"product_brand":[],"product_cat":[682,415,418],"product_tag":[],"class_list":{"0":"post-33242","1":"product","2":"type-product","3":"status-publish","4":"has-post-thumbnail","6":"product_cat-lemon-collection","7":"product_cat-pen","8":"product_cat-highlighter","10":"first","11":"instock","12":"shipping-taxable","13":"product-type-simple"},"_links":{"self":[{"href":"http:\/\/shinyyoustationery.com\/pt\/wp-json\/wp\/v2\/product\/33242","targetHints":{"allow":["GET"]}}],"collection":[{"href":"http:\/\/shinyyoustationery.com\/pt\/wp-json\/wp\/v2\/product"}],"about":[{"href":"http:\/\/shinyyoustationery.com\/pt\/wp-json\/wp\/v2\/types\/product"}],"version-history":[{"count":0,"href":"http:\/\/shinyyoustationery.com\/pt\/wp-json\/wp\/v2\/product\/33242\/revisions"}],"wp:featuredmedia":[{"embeddable":true,"href":"http:\/\/shinyyoustationery.com\/pt\/wp-json\/wp\/v2\/media\/33243"}],"wp:attachment":[{"href":"http:\/\/shinyyoustationery.com\/pt\/wp-json\/wp\/v2\/media?parent=33242"}],"wp:term":[{"taxonomy":"product_brand","embeddable":true,"href":"http:\/\/shinyyoustationery.com\/pt\/wp-json\/wp\/v2\/product_brand?post=33242"},{"taxonomy":"product_cat","embeddable":true,"href":"http:\/\/shinyyoustationery.com\/pt\/wp-json\/wp\/v2\/product_cat?post=33242"},{"taxonomy":"product_tag","embeddable":true,"href":"http:\/\/shinyyoustationery.com\/pt\/wp-json\/wp\/v2\/product_tag?post=33242"}],"curies":[{"name":"wp","href":"https:\/\/api.w.org\/{rel}","templated":true}]}}