{"id":33249,"date":"2025-06-23T22:11:09","date_gmt":"2025-06-24T06:11:09","guid":{"rendered":"http:\/\/45.63.70.205\/?post_type=product&#038;p=33249"},"modified":"2025-07-28T21:44:18","modified_gmt":"2025-07-29T05:44:18","slug":"wholesale-custom-lemon-scissors-and-tape-set-stylish-and-practical-for-school-or-office","status":"publish","type":"product","link":"http:\/\/shinyyoustationery.com\/pt\/wholesale-custom-lemon-scissors-and-tape-set-stylish-and-practical-for-school-or-office\/","title":{"rendered":"Conjunto de tesoura e fita adesiva de lim\u00e3o por atacado e personalizado Elegante e pr\u00e1tico para a escola ou o escrit\u00f3rio"},"content":{"rendered":"","protected":false},"excerpt":{"rendered":"<p>Corte com estilo utilizando este conjunto vibrante de tesoura e fita adesiva. A tesoura tem uma pega amarela divertida com um design com tema de lim\u00e3o, enquanto a fita adesiva inclu\u00edda est\u00e1 pronta para todas as suas necessidades de trabalhos manuais, escolares ou de escrit\u00f3rio. Embalado numa caixa com um divertido estampado de lim\u00e3o, este conjunto \u00e9 funcional e visualmente apelativo, perfeito para dar um toque alegre ao seu espa\u00e7o de trabalho.<\/p>","protected":false},"featured_media":33250,"template":"","meta":[],"product_brand":[],"product_cat":[682,397,425,331],"product_tag":[],"class_list":{"0":"post-33249","1":"product","2":"type-product","3":"status-publish","4":"has-post-thumbnail","6":"product_cat-lemon-collection","7":"product_cat-basic-office-stationery","8":"product_cat-scissor","9":"product_cat-stationery-set","11":"first","12":"instock","13":"shipping-taxable","14":"product-type-simple"},"_links":{"self":[{"href":"http:\/\/shinyyoustationery.com\/pt\/wp-json\/wp\/v2\/product\/33249","targetHints":{"allow":["GET"]}}],"collection":[{"href":"http:\/\/shinyyoustationery.com\/pt\/wp-json\/wp\/v2\/product"}],"about":[{"href":"http:\/\/shinyyoustationery.com\/pt\/wp-json\/wp\/v2\/types\/product"}],"version-history":[{"count":0,"href":"http:\/\/shinyyoustationery.com\/pt\/wp-json\/wp\/v2\/product\/33249\/revisions"}],"wp:featuredmedia":[{"embeddable":true,"href":"http:\/\/shinyyoustationery.com\/pt\/wp-json\/wp\/v2\/media\/33250"}],"wp:attachment":[{"href":"http:\/\/shinyyoustationery.com\/pt\/wp-json\/wp\/v2\/media?parent=33249"}],"wp:term":[{"taxonomy":"product_brand","embeddable":true,"href":"http:\/\/shinyyoustationery.com\/pt\/wp-json\/wp\/v2\/product_brand?post=33249"},{"taxonomy":"product_cat","embeddable":true,"href":"http:\/\/shinyyoustationery.com\/pt\/wp-json\/wp\/v2\/product_cat?post=33249"},{"taxonomy":"product_tag","embeddable":true,"href":"http:\/\/shinyyoustationery.com\/pt\/wp-json\/wp\/v2\/product_tag?post=33249"}],"curies":[{"name":"wp","href":"https:\/\/api.w.org\/{rel}","templated":true}]}}