{"id":33252,"date":"2025-06-23T22:30:09","date_gmt":"2025-06-24T06:30:09","guid":{"rendered":"http:\/\/45.63.70.205\/?post_type=product&#038;p=33252"},"modified":"2025-06-23T22:32:15","modified_gmt":"2025-06-24T06:32:15","slug":"wholesale-custom-colorful-glass-magnets-decorative-for-fridge-whiteboard-crafts","status":"publish","type":"product","link":"http:\/\/shinyyoustationery.com\/pt\/wholesale-custom-colorful-glass-magnets-decorative-for-fridge-whiteboard-crafts\/","title":{"rendered":"\u00cdmanes de vidro coloridos personalizados por grosso - Decorativos para frigor\u00edfico, quadro branco e artesanato"},"content":{"rendered":"","protected":false},"excerpt":{"rendered":"<p data-start=\"193\" data-end=\"576\">Melhore o seu espa\u00e7o com estes encantadores \u00edmanes em forma de c\u00fapula de vidro com desenhos abstractos vibrantes. Cada \u00edman apresenta uma superf\u00edcie brilhante e abobadada que amplifica lindamente as cores e os padr\u00f5es por baixo. Perfeitos para decorar frigor\u00edficos, quadros brancos, cacifos ou para criar quadros de notas personalizados. Um toque agrad\u00e1vel e funcional para a decora\u00e7\u00e3o da casa, do escrit\u00f3rio ou da sala de aula!<\/p>","protected":false},"featured_media":33253,"template":"","meta":[],"product_brand":[],"product_cat":[682,698],"product_tag":[],"class_list":{"0":"post-33252","1":"product","2":"type-product","3":"status-publish","4":"has-post-thumbnail","6":"product_cat-lemon-collection","7":"product_cat-magnets","9":"first","10":"instock","11":"shipping-taxable","12":"product-type-simple"},"_links":{"self":[{"href":"http:\/\/shinyyoustationery.com\/pt\/wp-json\/wp\/v2\/product\/33252","targetHints":{"allow":["GET"]}}],"collection":[{"href":"http:\/\/shinyyoustationery.com\/pt\/wp-json\/wp\/v2\/product"}],"about":[{"href":"http:\/\/shinyyoustationery.com\/pt\/wp-json\/wp\/v2\/types\/product"}],"version-history":[{"count":0,"href":"http:\/\/shinyyoustationery.com\/pt\/wp-json\/wp\/v2\/product\/33252\/revisions"}],"wp:featuredmedia":[{"embeddable":true,"href":"http:\/\/shinyyoustationery.com\/pt\/wp-json\/wp\/v2\/media\/33253"}],"wp:attachment":[{"href":"http:\/\/shinyyoustationery.com\/pt\/wp-json\/wp\/v2\/media?parent=33252"}],"wp:term":[{"taxonomy":"product_brand","embeddable":true,"href":"http:\/\/shinyyoustationery.com\/pt\/wp-json\/wp\/v2\/product_brand?post=33252"},{"taxonomy":"product_cat","embeddable":true,"href":"http:\/\/shinyyoustationery.com\/pt\/wp-json\/wp\/v2\/product_cat?post=33252"},{"taxonomy":"product_tag","embeddable":true,"href":"http:\/\/shinyyoustationery.com\/pt\/wp-json\/wp\/v2\/product_tag?post=33252"}],"curies":[{"name":"wp","href":"https:\/\/api.w.org\/{rel}","templated":true}]}}