{"id":33338,"date":"2025-06-24T01:20:33","date_gmt":"2025-06-24T09:20:33","guid":{"rendered":"http:\/\/45.63.70.205\/?post_type=product&#038;p=33338"},"modified":"2025-06-24T01:29:24","modified_gmt":"2025-06-24T09:29:24","slug":"wholesale-custom-eco-friendly-a5-hardcover-notebook-i-am-not-a-plastic-for-sustainable-work-or-study","status":"publish","type":"product","link":"http:\/\/shinyyoustationery.com\/pt\/wholesale-custom-eco-friendly-a5-hardcover-notebook-i-am-not-a-plastic-for-sustainable-work-or-study\/","title":{"rendered":"Caderno de capa dura A5 ecol\u00f3gico e amigo do ambiente por grosso - \"I AM NOT A PLASTIC\" para trabalho ou estudo sustent\u00e1vel"},"content":{"rendered":"","protected":false},"excerpt":{"rendered":"<p>Fa\u00e7a uma declara\u00e7\u00e3o com este caderno A5 de capa dura amigo do ambiente com a mensagem ousada \"N\u00c3O SOU UM PL\u00c1STICO\". Fabricado com materiais que respeitam o ambiente, a capa azul simboliza a sustentabilidade e o fecho com el\u00e1stico branco mant\u00e9m as suas notas seguras. Perfeito para o trabalho, para a escola ou para escrever um di\u00e1rio pessoal, este caderno \u00e9 ideal para quem procura reduzir os res\u00edduos de pl\u00e1stico e manter-se organizado.<\/p>","protected":false},"featured_media":33322,"template":"","meta":[],"product_brand":[],"product_cat":[387,494,667,683],"product_tag":[],"class_list":{"0":"post-33338","1":"product","2":"type-product","3":"status-publish","4":"has-post-thumbnail","6":"product_cat-notebooks-journals","7":"product_cat-composition-notebook","8":"product_cat-hardcover-notebook","9":"product_cat-eco-friendly-collection","11":"first","12":"instock","13":"shipping-taxable","14":"product-type-simple"},"_links":{"self":[{"href":"http:\/\/shinyyoustationery.com\/pt\/wp-json\/wp\/v2\/product\/33338","targetHints":{"allow":["GET"]}}],"collection":[{"href":"http:\/\/shinyyoustationery.com\/pt\/wp-json\/wp\/v2\/product"}],"about":[{"href":"http:\/\/shinyyoustationery.com\/pt\/wp-json\/wp\/v2\/types\/product"}],"version-history":[{"count":0,"href":"http:\/\/shinyyoustationery.com\/pt\/wp-json\/wp\/v2\/product\/33338\/revisions"}],"wp:featuredmedia":[{"embeddable":true,"href":"http:\/\/shinyyoustationery.com\/pt\/wp-json\/wp\/v2\/media\/33322"}],"wp:attachment":[{"href":"http:\/\/shinyyoustationery.com\/pt\/wp-json\/wp\/v2\/media?parent=33338"}],"wp:term":[{"taxonomy":"product_brand","embeddable":true,"href":"http:\/\/shinyyoustationery.com\/pt\/wp-json\/wp\/v2\/product_brand?post=33338"},{"taxonomy":"product_cat","embeddable":true,"href":"http:\/\/shinyyoustationery.com\/pt\/wp-json\/wp\/v2\/product_cat?post=33338"},{"taxonomy":"product_tag","embeddable":true,"href":"http:\/\/shinyyoustationery.com\/pt\/wp-json\/wp\/v2\/product_tag?post=33338"}],"curies":[{"name":"wp","href":"https:\/\/api.w.org\/{rel}","templated":true}]}}