{"id":33340,"date":"2025-06-24T01:30:57","date_gmt":"2025-06-24T09:30:57","guid":{"rendered":"http:\/\/45.63.70.205\/?post_type=product&#038;p=33340"},"modified":"2025-06-24T01:38:47","modified_gmt":"2025-06-24T09:38:47","slug":"wholesale-custom-eco-friendly-a5-softcover-notebook-blue-with-speech-bubbles-for-school-or-office","status":"publish","type":"product","link":"http:\/\/shinyyoustationery.com\/pt\/wholesale-custom-eco-friendly-a5-softcover-notebook-blue-with-speech-bubbles-for-school-or-office\/","title":{"rendered":"Caderno de capa mole A5 azul com bal\u00f5es de di\u00e1logo para a escola ou o escrit\u00f3rio"},"content":{"rendered":"","protected":false},"excerpt":{"rendered":"<p>D\u00ea um toque l\u00fadico \u00e0 sua escrita com este caderno A5 de capa mole, concebido com vibrantes motivos de bal\u00f5es de di\u00e1logo em castanho sobre um rico fundo azul. Perfeito para escrever um di\u00e1rio, tomar notas ou fazer um brainstorming de ideias, este caderno oferece muito espa\u00e7o para os seus pensamentos. O design exclusivo confere-lhe car\u00e1cter, tornando-o um acess\u00f3rio divertido e funcional para estudantes, profissionais ou qualquer pessoa que goste de escrever de forma criativa.<\/p>","protected":false},"featured_media":33324,"template":"","meta":[],"product_brand":[],"product_cat":[387,494,667,683],"product_tag":[],"class_list":{"0":"post-33340","1":"product","2":"type-product","3":"status-publish","4":"has-post-thumbnail","6":"product_cat-notebooks-journals","7":"product_cat-composition-notebook","8":"product_cat-hardcover-notebook","9":"product_cat-eco-friendly-collection","11":"first","12":"instock","13":"shipping-taxable","14":"product-type-simple"},"_links":{"self":[{"href":"http:\/\/shinyyoustationery.com\/pt\/wp-json\/wp\/v2\/product\/33340","targetHints":{"allow":["GET"]}}],"collection":[{"href":"http:\/\/shinyyoustationery.com\/pt\/wp-json\/wp\/v2\/product"}],"about":[{"href":"http:\/\/shinyyoustationery.com\/pt\/wp-json\/wp\/v2\/types\/product"}],"version-history":[{"count":0,"href":"http:\/\/shinyyoustationery.com\/pt\/wp-json\/wp\/v2\/product\/33340\/revisions"}],"wp:featuredmedia":[{"embeddable":true,"href":"http:\/\/shinyyoustationery.com\/pt\/wp-json\/wp\/v2\/media\/33324"}],"wp:attachment":[{"href":"http:\/\/shinyyoustationery.com\/pt\/wp-json\/wp\/v2\/media?parent=33340"}],"wp:term":[{"taxonomy":"product_brand","embeddable":true,"href":"http:\/\/shinyyoustationery.com\/pt\/wp-json\/wp\/v2\/product_brand?post=33340"},{"taxonomy":"product_cat","embeddable":true,"href":"http:\/\/shinyyoustationery.com\/pt\/wp-json\/wp\/v2\/product_cat?post=33340"},{"taxonomy":"product_tag","embeddable":true,"href":"http:\/\/shinyyoustationery.com\/pt\/wp-json\/wp\/v2\/product_tag?post=33340"}],"curies":[{"name":"wp","href":"https:\/\/api.w.org\/{rel}","templated":true}]}}