{"id":33342,"date":"2025-06-24T01:36:14","date_gmt":"2025-06-24T09:36:14","guid":{"rendered":"http:\/\/45.63.70.205\/?post_type=product&#038;p=33342"},"modified":"2025-06-24T01:38:21","modified_gmt":"2025-06-24T09:38:21","slug":"wholesale-custom-a5-cork-hardcover-notebook-for-eco-conscious-journaling-or-gift-giving","status":"publish","type":"product","link":"http:\/\/shinyyoustationery.com\/pt\/wholesale-custom-a5-cork-hardcover-notebook-for-eco-conscious-journaling-or-gift-giving\/","title":{"rendered":"Caderno de capa dura de corti\u00e7a A5 personalizado por atacado para di\u00e1rio ou oferta de presente com consci\u00eancia ecol\u00f3gica"},"content":{"rendered":"","protected":false},"excerpt":{"rendered":"<p>Este bloco de notas de capa dura em corti\u00e7a A5, amigo do ambiente, \u00e9 perfeito para todos os amantes da natureza e da sustentabilidade. O design elegante apresenta uma ilustra\u00e7\u00e3o delicada de um dente-de-le\u00e3o e a frase edificante \"Enjoying Love\". Com a sua capa de corti\u00e7a \u00fanica, este caderno oferece um toque natural e terroso, tornando-o ideal para escrever di\u00e1rios, tomar notas ou oferecer a algu\u00e9m especial. O seu tamanho compacto e a sua constru\u00e7\u00e3o duradoura fazem dele um companheiro perfeito tanto para uso di\u00e1rio como para presentes atenciosos.<\/p>","protected":false},"featured_media":33326,"template":"","meta":[],"product_brand":[],"product_cat":[667,683,387,494],"product_tag":[],"class_list":{"0":"post-33342","1":"product","2":"type-product","3":"status-publish","4":"has-post-thumbnail","6":"product_cat-hardcover-notebook","7":"product_cat-eco-friendly-collection","8":"product_cat-notebooks-journals","9":"product_cat-composition-notebook","11":"first","12":"instock","13":"shipping-taxable","14":"product-type-simple"},"_links":{"self":[{"href":"http:\/\/shinyyoustationery.com\/pt\/wp-json\/wp\/v2\/product\/33342","targetHints":{"allow":["GET"]}}],"collection":[{"href":"http:\/\/shinyyoustationery.com\/pt\/wp-json\/wp\/v2\/product"}],"about":[{"href":"http:\/\/shinyyoustationery.com\/pt\/wp-json\/wp\/v2\/types\/product"}],"version-history":[{"count":0,"href":"http:\/\/shinyyoustationery.com\/pt\/wp-json\/wp\/v2\/product\/33342\/revisions"}],"wp:featuredmedia":[{"embeddable":true,"href":"http:\/\/shinyyoustationery.com\/pt\/wp-json\/wp\/v2\/media\/33326"}],"wp:attachment":[{"href":"http:\/\/shinyyoustationery.com\/pt\/wp-json\/wp\/v2\/media?parent=33342"}],"wp:term":[{"taxonomy":"product_brand","embeddable":true,"href":"http:\/\/shinyyoustationery.com\/pt\/wp-json\/wp\/v2\/product_brand?post=33342"},{"taxonomy":"product_cat","embeddable":true,"href":"http:\/\/shinyyoustationery.com\/pt\/wp-json\/wp\/v2\/product_cat?post=33342"},{"taxonomy":"product_tag","embeddable":true,"href":"http:\/\/shinyyoustationery.com\/pt\/wp-json\/wp\/v2\/product_tag?post=33342"}],"curies":[{"name":"wp","href":"https:\/\/api.w.org\/{rel}","templated":true}]}}