{"id":33347,"date":"2025-06-24T02:13:52","date_gmt":"2025-06-24T10:13:52","guid":{"rendered":"http:\/\/45.63.70.205\/?post_type=product&#038;p=33347"},"modified":"2025-06-24T02:24:04","modified_gmt":"2025-06-24T10:24:04","slug":"wholesale-custom-a5-hardcover-notebook-woven-texture-design-for-school-or-office","status":"publish","type":"product","link":"http:\/\/shinyyoustationery.com\/pt\/wholesale-custom-a5-hardcover-notebook-woven-texture-design-for-school-or-office\/","title":{"rendered":"Caderno de capa dura A5 personalizado por atacado - Desenho de textura tecida para a escola ou o escrit\u00f3rio"},"content":{"rendered":"","protected":false},"excerpt":{"rendered":"<p>Melhore a sua experi\u00eancia de tomar notas com este caderno A5 de capa dura, com uma sofisticada textura de tecido numa cor quente e natural. O design simples mas elegante do \"Note Book\" acrescenta um toque moderno, tornando-o perfeito para o trabalho, a escola ou o registo pessoal. A capa resistente e as p\u00e1ginas lisas proporcionam um espa\u00e7o fi\u00e1vel para escrever, desenhar ou organizar os seus pensamentos, ideal para quem aprecia estilo e funcionalidade.<\/p>","protected":false},"featured_media":33330,"template":"","meta":[],"product_brand":[],"product_cat":[683,387,494,667],"product_tag":[],"class_list":{"0":"post-33347","1":"product","2":"type-product","3":"status-publish","4":"has-post-thumbnail","6":"product_cat-eco-friendly-collection","7":"product_cat-notebooks-journals","8":"product_cat-composition-notebook","9":"product_cat-hardcover-notebook","11":"first","12":"instock","13":"shipping-taxable","14":"product-type-simple"},"_links":{"self":[{"href":"http:\/\/shinyyoustationery.com\/pt\/wp-json\/wp\/v2\/product\/33347","targetHints":{"allow":["GET"]}}],"collection":[{"href":"http:\/\/shinyyoustationery.com\/pt\/wp-json\/wp\/v2\/product"}],"about":[{"href":"http:\/\/shinyyoustationery.com\/pt\/wp-json\/wp\/v2\/types\/product"}],"version-history":[{"count":0,"href":"http:\/\/shinyyoustationery.com\/pt\/wp-json\/wp\/v2\/product\/33347\/revisions"}],"wp:featuredmedia":[{"embeddable":true,"href":"http:\/\/shinyyoustationery.com\/pt\/wp-json\/wp\/v2\/media\/33330"}],"wp:attachment":[{"href":"http:\/\/shinyyoustationery.com\/pt\/wp-json\/wp\/v2\/media?parent=33347"}],"wp:term":[{"taxonomy":"product_brand","embeddable":true,"href":"http:\/\/shinyyoustationery.com\/pt\/wp-json\/wp\/v2\/product_brand?post=33347"},{"taxonomy":"product_cat","embeddable":true,"href":"http:\/\/shinyyoustationery.com\/pt\/wp-json\/wp\/v2\/product_cat?post=33347"},{"taxonomy":"product_tag","embeddable":true,"href":"http:\/\/shinyyoustationery.com\/pt\/wp-json\/wp\/v2\/product_tag?post=33347"}],"curies":[{"name":"wp","href":"https:\/\/api.w.org\/{rel}","templated":true}]}}