{"id":33350,"date":"2025-06-24T02:17:11","date_gmt":"2025-06-24T10:17:11","guid":{"rendered":"http:\/\/45.63.70.205\/?post_type=product&#038;p=33350"},"modified":"2025-06-24T02:29:11","modified_gmt":"2025-06-24T10:29:11","slug":"wholesale-custom-a5-pu-hardcover-notebook-elegant-wheat-with-strap-closure-for-office-school","status":"publish","type":"product","link":"http:\/\/shinyyoustationery.com\/pt\/wholesale-custom-a5-pu-hardcover-notebook-elegant-wheat-with-strap-closure-for-office-school\/","title":{"rendered":"Atacado Personalizado A5 PU Capa Dura Notebook Elegante Trigo com Fecho de Al\u00e7a para Escrit\u00f3rio e Escola"},"content":{"rendered":"","protected":false},"excerpt":{"rendered":"<p>Este bloco de notas A5 PU de capa dura apresenta um bonito design de talo de trigo com uma capa bege suave e um pr\u00e1tico fecho de correia para maior seguran\u00e7a. O aspeto elegante torna-o perfeito para profissionais, estudantes ou qualquer pessoa que goste de uma experi\u00eancia de escrita sofisticada. Quer o utilize para trabalhar, estudar ou escrever um di\u00e1rio pessoal, este caderno duradouro proporciona o espa\u00e7o ideal para os seus pensamentos, notas e ideias criativas.<\/p>","protected":false},"featured_media":33336,"template":"","meta":[],"product_brand":[],"product_cat":[387,494,667,683],"product_tag":[],"class_list":{"0":"post-33350","1":"product","2":"type-product","3":"status-publish","4":"has-post-thumbnail","6":"product_cat-notebooks-journals","7":"product_cat-composition-notebook","8":"product_cat-hardcover-notebook","9":"product_cat-eco-friendly-collection","11":"first","12":"instock","13":"shipping-taxable","14":"product-type-simple"},"_links":{"self":[{"href":"http:\/\/shinyyoustationery.com\/pt\/wp-json\/wp\/v2\/product\/33350","targetHints":{"allow":["GET"]}}],"collection":[{"href":"http:\/\/shinyyoustationery.com\/pt\/wp-json\/wp\/v2\/product"}],"about":[{"href":"http:\/\/shinyyoustationery.com\/pt\/wp-json\/wp\/v2\/types\/product"}],"version-history":[{"count":0,"href":"http:\/\/shinyyoustationery.com\/pt\/wp-json\/wp\/v2\/product\/33350\/revisions"}],"wp:featuredmedia":[{"embeddable":true,"href":"http:\/\/shinyyoustationery.com\/pt\/wp-json\/wp\/v2\/media\/33336"}],"wp:attachment":[{"href":"http:\/\/shinyyoustationery.com\/pt\/wp-json\/wp\/v2\/media?parent=33350"}],"wp:term":[{"taxonomy":"product_brand","embeddable":true,"href":"http:\/\/shinyyoustationery.com\/pt\/wp-json\/wp\/v2\/product_brand?post=33350"},{"taxonomy":"product_cat","embeddable":true,"href":"http:\/\/shinyyoustationery.com\/pt\/wp-json\/wp\/v2\/product_cat?post=33350"},{"taxonomy":"product_tag","embeddable":true,"href":"http:\/\/shinyyoustationery.com\/pt\/wp-json\/wp\/v2\/product_tag?post=33350"}],"curies":[{"name":"wp","href":"https:\/\/api.w.org\/{rel}","templated":true}]}}