{"id":33374,"date":"2025-06-24T03:39:46","date_gmt":"2025-06-24T11:39:46","guid":{"rendered":"http:\/\/45.63.70.205\/?post_type=product&#038;p=33374"},"modified":"2025-06-24T03:39:46","modified_gmt":"2025-06-24T11:39:46","slug":"mogu-monster-coin-purse-cute-and-colorful-character-accessory","status":"publish","type":"product","link":"http:\/\/shinyyoustationery.com\/pt\/mogu-monster-coin-purse-cute-and-colorful-character-accessory\/","title":{"rendered":"Porta-moedas do monstro \"Mogu\" - Acess\u00f3rio de personagem giro e colorido"},"content":{"rendered":"","protected":false},"excerpt":{"rendered":"<p>Conhe\u00e7a o \"Mogu\" - o seu simp\u00e1tico monstrinho azul! Este porta-moedas divertido e peculiar apresenta o rosto brincalh\u00e3o do Mogu, com orelhas cor-de-rosa brilhantes e um grande sorriso. Perfeito para guardar moedas, chaves ou outros objectos pequenos, este acess\u00f3rio compacto e duradouro \u00e9 \u00f3timo para as crian\u00e7as e para todos os que gostam de personagens engra\u00e7adas e \u00fanicas. Leve o Mogu consigo para onde quer que v\u00e1 e d\u00ea um toque de divers\u00e3o ao seu dia!<\/p>","protected":false},"featured_media":33375,"template":"","meta":[],"product_brand":[],"product_cat":[383],"product_tag":[],"class_list":{"0":"post-33374","1":"product","2":"type-product","3":"status-publish","4":"has-post-thumbnail","6":"product_cat-licensed-stationery-supplier","8":"first","9":"instock","10":"shipping-taxable","11":"product-type-simple"},"_links":{"self":[{"href":"http:\/\/shinyyoustationery.com\/pt\/wp-json\/wp\/v2\/product\/33374","targetHints":{"allow":["GET"]}}],"collection":[{"href":"http:\/\/shinyyoustationery.com\/pt\/wp-json\/wp\/v2\/product"}],"about":[{"href":"http:\/\/shinyyoustationery.com\/pt\/wp-json\/wp\/v2\/types\/product"}],"version-history":[{"count":0,"href":"http:\/\/shinyyoustationery.com\/pt\/wp-json\/wp\/v2\/product\/33374\/revisions"}],"wp:featuredmedia":[{"embeddable":true,"href":"http:\/\/shinyyoustationery.com\/pt\/wp-json\/wp\/v2\/media\/33375"}],"wp:attachment":[{"href":"http:\/\/shinyyoustationery.com\/pt\/wp-json\/wp\/v2\/media?parent=33374"}],"wp:term":[{"taxonomy":"product_brand","embeddable":true,"href":"http:\/\/shinyyoustationery.com\/pt\/wp-json\/wp\/v2\/product_brand?post=33374"},{"taxonomy":"product_cat","embeddable":true,"href":"http:\/\/shinyyoustationery.com\/pt\/wp-json\/wp\/v2\/product_cat?post=33374"},{"taxonomy":"product_tag","embeddable":true,"href":"http:\/\/shinyyoustationery.com\/pt\/wp-json\/wp\/v2\/product_tag?post=33374"}],"curies":[{"name":"wp","href":"https:\/\/api.w.org\/{rel}","templated":true}]}}