{"id":33378,"date":"2025-06-24T03:43:59","date_gmt":"2025-06-24T11:43:59","guid":{"rendered":"http:\/\/45.63.70.205\/?post_type=product&#038;p=33378"},"modified":"2025-06-24T03:43:59","modified_gmt":"2025-06-24T11:43:59","slug":"mike-wazowski-plush-keychain-cute-green-monster-for-bags-backpacks-or-keys","status":"publish","type":"product","link":"http:\/\/shinyyoustationery.com\/pt\/mike-wazowski-plush-keychain-cute-green-monster-for-bags-backpacks-or-keys\/","title":{"rendered":"Porta-chaves de peluche Mike Wazowski - Monstro verde giro para malas, mochilas ou chaves"},"content":{"rendered":"","protected":false},"excerpt":{"rendered":"<p>Transporte um pouco de divers\u00e3o com este porta-chaves de peluche do Mike Wazowski! Este monstro verde vibrante da <em data-start=\"209\" data-end=\"225\">Monstros, Inc.<\/em> apresenta o seu ic\u00f3nico olho \u00fanico e sorriso malicioso, tornando-o no acess\u00f3rio perfeito para as suas chaves, malas ou mochilas. Suave e ador\u00e1vel, este porta-chaves \u00e9 um acess\u00f3rio indispens\u00e1vel para os f\u00e3s do filme ou para quem gosta de acess\u00f3rios de personagens engra\u00e7ados e divertidos.<\/p>","protected":false},"featured_media":33379,"template":"","meta":[],"product_brand":[],"product_cat":[383],"product_tag":[],"class_list":{"0":"post-33378","1":"product","2":"type-product","3":"status-publish","4":"has-post-thumbnail","6":"product_cat-licensed-stationery-supplier","8":"first","9":"instock","10":"shipping-taxable","11":"product-type-simple"},"_links":{"self":[{"href":"http:\/\/shinyyoustationery.com\/pt\/wp-json\/wp\/v2\/product\/33378","targetHints":{"allow":["GET"]}}],"collection":[{"href":"http:\/\/shinyyoustationery.com\/pt\/wp-json\/wp\/v2\/product"}],"about":[{"href":"http:\/\/shinyyoustationery.com\/pt\/wp-json\/wp\/v2\/types\/product"}],"version-history":[{"count":0,"href":"http:\/\/shinyyoustationery.com\/pt\/wp-json\/wp\/v2\/product\/33378\/revisions"}],"wp:featuredmedia":[{"embeddable":true,"href":"http:\/\/shinyyoustationery.com\/pt\/wp-json\/wp\/v2\/media\/33379"}],"wp:attachment":[{"href":"http:\/\/shinyyoustationery.com\/pt\/wp-json\/wp\/v2\/media?parent=33378"}],"wp:term":[{"taxonomy":"product_brand","embeddable":true,"href":"http:\/\/shinyyoustationery.com\/pt\/wp-json\/wp\/v2\/product_brand?post=33378"},{"taxonomy":"product_cat","embeddable":true,"href":"http:\/\/shinyyoustationery.com\/pt\/wp-json\/wp\/v2\/product_cat?post=33378"},{"taxonomy":"product_tag","embeddable":true,"href":"http:\/\/shinyyoustationery.com\/pt\/wp-json\/wp\/v2\/product_tag?post=33378"}],"curies":[{"name":"wp","href":"https:\/\/api.w.org\/{rel}","templated":true}]}}