{"id":33381,"date":"2025-06-24T03:46:27","date_gmt":"2025-06-24T11:46:27","guid":{"rendered":"http:\/\/45.63.70.205\/?post_type=product&#038;p=33381"},"modified":"2025-06-24T03:46:27","modified_gmt":"2025-06-24T11:46:27","slug":"alien-plush-pen-disney-pixar-toy-story-green-alien-for-fun-writing","status":"publish","type":"product","link":"http:\/\/shinyyoustationery.com\/pt\/alien-plush-pen-disney-pixar-toy-story-green-alien-for-fun-writing\/","title":{"rendered":"Caneta de peluche Alien\u00edgena - Disney Pixar \"Toy Story\" Alien\u00edgena verde para escrever de forma divertida"},"content":{"rendered":"","protected":false},"excerpt":{"rendered":"<p>D\u00ea um toque de capricho \u00e0 sua escrita com esta ador\u00e1vel caneta de peluche Alien\u00edgena do filme Disney Pixar <em data-start=\"205\" data-end=\"216\">Toy Story<\/em>! A caneta apresenta uma personagem Alien\u00edgena verde e fofa na parte superior, com a palavra \"Aliens\" impressa no corpo da caneta azul. Perfeita para a escola, para o trabalho ou como um presente \u00fanico, esta divertida caneta confere personalidade e charme a qualquer secret\u00e1ria ou cole\u00e7\u00e3o de artigos de papelaria.<\/p>","protected":false},"featured_media":33382,"template":"","meta":[],"product_brand":[],"product_cat":[383],"product_tag":[],"class_list":{"0":"post-33381","1":"product","2":"type-product","3":"status-publish","4":"has-post-thumbnail","6":"product_cat-licensed-stationery-supplier","8":"first","9":"instock","10":"shipping-taxable","11":"product-type-simple"},"_links":{"self":[{"href":"http:\/\/shinyyoustationery.com\/pt\/wp-json\/wp\/v2\/product\/33381","targetHints":{"allow":["GET"]}}],"collection":[{"href":"http:\/\/shinyyoustationery.com\/pt\/wp-json\/wp\/v2\/product"}],"about":[{"href":"http:\/\/shinyyoustationery.com\/pt\/wp-json\/wp\/v2\/types\/product"}],"version-history":[{"count":0,"href":"http:\/\/shinyyoustationery.com\/pt\/wp-json\/wp\/v2\/product\/33381\/revisions"}],"wp:featuredmedia":[{"embeddable":true,"href":"http:\/\/shinyyoustationery.com\/pt\/wp-json\/wp\/v2\/media\/33382"}],"wp:attachment":[{"href":"http:\/\/shinyyoustationery.com\/pt\/wp-json\/wp\/v2\/media?parent=33381"}],"wp:term":[{"taxonomy":"product_brand","embeddable":true,"href":"http:\/\/shinyyoustationery.com\/pt\/wp-json\/wp\/v2\/product_brand?post=33381"},{"taxonomy":"product_cat","embeddable":true,"href":"http:\/\/shinyyoustationery.com\/pt\/wp-json\/wp\/v2\/product_cat?post=33381"},{"taxonomy":"product_tag","embeddable":true,"href":"http:\/\/shinyyoustationery.com\/pt\/wp-json\/wp\/v2\/product_tag?post=33381"}],"curies":[{"name":"wp","href":"https:\/\/api.w.org\/{rel}","templated":true}]}}