{"id":33388,"date":"2025-06-24T03:51:34","date_gmt":"2025-06-24T11:51:34","guid":{"rendered":"http:\/\/45.63.70.205\/?post_type=product&#038;p=33388"},"modified":"2025-06-24T03:54:32","modified_gmt":"2025-06-24T11:54:32","slug":"minnie-mouse-unicorn-art-set-coloring-stickers-and-markers-for-creative-play","status":"publish","type":"product","link":"http:\/\/shinyyoustationery.com\/pt\/minnie-mouse-unicorn-art-set-coloring-stickers-and-markers-for-creative-play\/","title":{"rendered":"Conjunto de arte do unic\u00f3rnio da Minnie Mouse - Colora\u00e7\u00e3o, autocolantes e marcadores para brincadeiras criativas"},"content":{"rendered":"","protected":false},"excerpt":{"rendered":"<p>D\u00e1 vida \u00e0 magia e \u00e0 criatividade com este Conjunto de Arte Unic\u00f3rnio da Minnie Mouse! Com a Minnie Mouse e um unic\u00f3rnio em desenhos coloridos, este conjunto inclui tudo o que \u00e9 necess\u00e1rio para um momento divertido e art\u00edstico. Com folhas para colorir, marcadores vibrantes e autocolantes com o tema do unic\u00f3rnio, as crian\u00e7as podem desfrutar de horas de brincadeira criativa. Ideal para a escola, para casa ou como um presente especial para os f\u00e3s da Minnie Mouse, este conjunto \u00e9 perfeito para criar belos desenhos e dar um toque pessoal a qualquer projeto.<\/p>","protected":false},"featured_media":33392,"template":"","meta":[],"product_brand":[],"product_cat":[383],"product_tag":[],"class_list":{"0":"post-33388","1":"product","2":"type-product","3":"status-publish","4":"has-post-thumbnail","6":"product_cat-licensed-stationery-supplier","8":"first","9":"instock","10":"shipping-taxable","11":"product-type-simple"},"_links":{"self":[{"href":"http:\/\/shinyyoustationery.com\/pt\/wp-json\/wp\/v2\/product\/33388","targetHints":{"allow":["GET"]}}],"collection":[{"href":"http:\/\/shinyyoustationery.com\/pt\/wp-json\/wp\/v2\/product"}],"about":[{"href":"http:\/\/shinyyoustationery.com\/pt\/wp-json\/wp\/v2\/types\/product"}],"version-history":[{"count":0,"href":"http:\/\/shinyyoustationery.com\/pt\/wp-json\/wp\/v2\/product\/33388\/revisions"}],"wp:featuredmedia":[{"embeddable":true,"href":"http:\/\/shinyyoustationery.com\/pt\/wp-json\/wp\/v2\/media\/33392"}],"wp:attachment":[{"href":"http:\/\/shinyyoustationery.com\/pt\/wp-json\/wp\/v2\/media?parent=33388"}],"wp:term":[{"taxonomy":"product_brand","embeddable":true,"href":"http:\/\/shinyyoustationery.com\/pt\/wp-json\/wp\/v2\/product_brand?post=33388"},{"taxonomy":"product_cat","embeddable":true,"href":"http:\/\/shinyyoustationery.com\/pt\/wp-json\/wp\/v2\/product_cat?post=33388"},{"taxonomy":"product_tag","embeddable":true,"href":"http:\/\/shinyyoustationery.com\/pt\/wp-json\/wp\/v2\/product_tag?post=33388"}],"curies":[{"name":"wp","href":"https:\/\/api.w.org\/{rel}","templated":true}]}}