{"id":33395,"date":"2025-06-24T03:57:40","date_gmt":"2025-06-24T11:57:40","guid":{"rendered":"http:\/\/45.63.70.205\/?post_type=product&#038;p=33395"},"modified":"2025-06-24T03:57:40","modified_gmt":"2025-06-24T11:57:40","slug":"minnie-mouse-coloring-set-8-pages-crayons-and-stickers-for-fun-and-creative-play","status":"publish","type":"product","link":"http:\/\/shinyyoustationery.com\/pt\/minnie-mouse-coloring-set-8-pages-crayons-and-stickers-for-fun-and-creative-play\/","title":{"rendered":"Conjunto para colorir da Minnie Mouse - 8 p\u00e1ginas, l\u00e1pis de cera e autocolantes para uma brincadeira divertida e criativa"},"content":{"rendered":"","protected":false},"excerpt":{"rendered":"<p>Prepare-se para uma divertida aventura de colorir com este conjunto da Minnie Mouse! Com 8 p\u00e1ginas para colorir com a Minnie e os seus amigos, este conjunto inclui 6 l\u00e1pis de cera vibrantes e 6 autocolantes bonitos para melhorar as suas cria\u00e7\u00f5es. O conjunto \u00e9 perfeito para jovens artistas que adoram a Minnie Mouse e as suas elegantes bolinhas. Quer seja em casa, na escola ou numa festa criativa, este conjunto d\u00e1 vida ao mundo encantador da Minnie com cores vivas!<\/p>","protected":false},"featured_media":33396,"template":"","meta":[],"product_brand":[],"product_cat":[383],"product_tag":[],"class_list":{"0":"post-33395","1":"product","2":"type-product","3":"status-publish","4":"has-post-thumbnail","6":"product_cat-licensed-stationery-supplier","8":"first","9":"instock","10":"shipping-taxable","11":"product-type-simple"},"_links":{"self":[{"href":"http:\/\/shinyyoustationery.com\/pt\/wp-json\/wp\/v2\/product\/33395","targetHints":{"allow":["GET"]}}],"collection":[{"href":"http:\/\/shinyyoustationery.com\/pt\/wp-json\/wp\/v2\/product"}],"about":[{"href":"http:\/\/shinyyoustationery.com\/pt\/wp-json\/wp\/v2\/types\/product"}],"version-history":[{"count":0,"href":"http:\/\/shinyyoustationery.com\/pt\/wp-json\/wp\/v2\/product\/33395\/revisions"}],"wp:featuredmedia":[{"embeddable":true,"href":"http:\/\/shinyyoustationery.com\/pt\/wp-json\/wp\/v2\/media\/33396"}],"wp:attachment":[{"href":"http:\/\/shinyyoustationery.com\/pt\/wp-json\/wp\/v2\/media?parent=33395"}],"wp:term":[{"taxonomy":"product_brand","embeddable":true,"href":"http:\/\/shinyyoustationery.com\/pt\/wp-json\/wp\/v2\/product_brand?post=33395"},{"taxonomy":"product_cat","embeddable":true,"href":"http:\/\/shinyyoustationery.com\/pt\/wp-json\/wp\/v2\/product_cat?post=33395"},{"taxonomy":"product_tag","embeddable":true,"href":"http:\/\/shinyyoustationery.com\/pt\/wp-json\/wp\/v2\/product_tag?post=33395"}],"curies":[{"name":"wp","href":"https:\/\/api.w.org\/{rel}","templated":true}]}}