{"id":33402,"date":"2025-06-24T04:03:14","date_gmt":"2025-06-24T12:03:14","guid":{"rendered":"http:\/\/45.63.70.205\/?post_type=product&#038;p=33402"},"modified":"2025-06-24T04:03:14","modified_gmt":"2025-06-24T12:03:14","slug":"mike-wazowski-coin-purse-keychain-fun-green-monster-design-for-keys-coins-and-accessories","status":"publish","type":"product","link":"http:\/\/shinyyoustationery.com\/pt\/mike-wazowski-coin-purse-keychain-fun-green-monster-design-for-keys-coins-and-accessories\/","title":{"rendered":"Porta-chaves para porta-moedas Mike Wazowski - Design divertido do monstro verde para chaves, moedas e acess\u00f3rios"},"content":{"rendered":"","protected":false},"excerpt":{"rendered":"<p>Mantenha os seus objectos essenciais bonitos e organizados com este porta-chaves porta-moedas do Mike Wazowski! Com o ic\u00f3nico olho \u00fanico e o sorriso de dentes do Mike, este porta-moedas verde vibrante \u00e9 perfeito para guardar moedas, pequenos objectos ou chaves. A al\u00e7a verde com \"LUCKY\" acrescenta um charme extra, tornando-o num acess\u00f3rio divertido e pr\u00e1tico para a sua mala ou mochila. Ideal para os f\u00e3s do Disney ou para quem procura um porta-chaves divertido e funcional.<\/p>","protected":false},"featured_media":33403,"template":"","meta":[],"product_brand":[],"product_cat":[383],"product_tag":[],"class_list":{"0":"post-33402","1":"product","2":"type-product","3":"status-publish","4":"has-post-thumbnail","6":"product_cat-licensed-stationery-supplier","8":"first","9":"instock","10":"shipping-taxable","11":"product-type-simple"},"_links":{"self":[{"href":"http:\/\/shinyyoustationery.com\/pt\/wp-json\/wp\/v2\/product\/33402","targetHints":{"allow":["GET"]}}],"collection":[{"href":"http:\/\/shinyyoustationery.com\/pt\/wp-json\/wp\/v2\/product"}],"about":[{"href":"http:\/\/shinyyoustationery.com\/pt\/wp-json\/wp\/v2\/types\/product"}],"version-history":[{"count":0,"href":"http:\/\/shinyyoustationery.com\/pt\/wp-json\/wp\/v2\/product\/33402\/revisions"}],"wp:featuredmedia":[{"embeddable":true,"href":"http:\/\/shinyyoustationery.com\/pt\/wp-json\/wp\/v2\/media\/33403"}],"wp:attachment":[{"href":"http:\/\/shinyyoustationery.com\/pt\/wp-json\/wp\/v2\/media?parent=33402"}],"wp:term":[{"taxonomy":"product_brand","embeddable":true,"href":"http:\/\/shinyyoustationery.com\/pt\/wp-json\/wp\/v2\/product_brand?post=33402"},{"taxonomy":"product_cat","embeddable":true,"href":"http:\/\/shinyyoustationery.com\/pt\/wp-json\/wp\/v2\/product_cat?post=33402"},{"taxonomy":"product_tag","embeddable":true,"href":"http:\/\/shinyyoustationery.com\/pt\/wp-json\/wp\/v2\/product_tag?post=33402"}],"curies":[{"name":"wp","href":"https:\/\/api.w.org\/{rel}","templated":true}]}}