{"id":33419,"date":"2025-06-24T18:45:03","date_gmt":"2025-06-25T02:45:03","guid":{"rendered":"http:\/\/45.63.70.205\/?post_type=product&#038;p=33419"},"modified":"2025-06-24T18:45:03","modified_gmt":"2025-06-25T02:45:03","slug":"dreamworks-trolls-party-all-stars-activity-book-with-markers-stencils-stickers","status":"publish","type":"product","link":"http:\/\/shinyyoustationery.com\/pt\/dreamworks-trolls-party-all-stars-activity-book-with-markers-stencils-stickers\/","title":{"rendered":"DreamWorks Livro de actividades Trolls Party All-Stars com marcadores, stencils e autocolantes"},"content":{"rendered":"","protected":false},"excerpt":{"rendered":"<p>Seja criativo com o <strong data-start=\"195\" data-end=\"246\">DreamWorks Livro de actividades Trolls Party All-Stars<\/strong>! Cheio de cor e divers\u00e3o, este livro de actividades de 75 p\u00e1ginas apresenta as suas personagens Trolls favoritas do universo DreamWorks. Inclui 3 marcadores empilh\u00e1veis, stencils divertidos e uma folha de autocolantes para personalizar as suas cria\u00e7\u00f5es. Perfeito para jovens artistas e f\u00e3s dos Trolls, este livro oferece horas de entretenimento envolvente em casa ou em viagem. Que comece a festa dos Trolls - colorir, desenhar e festejar em cada p\u00e1gina!<\/p>","protected":false},"featured_media":33421,"template":"","meta":[],"product_brand":[],"product_cat":[383],"product_tag":[],"class_list":{"0":"post-33419","1":"product","2":"type-product","3":"status-publish","4":"has-post-thumbnail","6":"product_cat-licensed-stationery-supplier","8":"first","9":"instock","10":"shipping-taxable","11":"product-type-simple"},"_links":{"self":[{"href":"http:\/\/shinyyoustationery.com\/pt\/wp-json\/wp\/v2\/product\/33419","targetHints":{"allow":["GET"]}}],"collection":[{"href":"http:\/\/shinyyoustationery.com\/pt\/wp-json\/wp\/v2\/product"}],"about":[{"href":"http:\/\/shinyyoustationery.com\/pt\/wp-json\/wp\/v2\/types\/product"}],"version-history":[{"count":0,"href":"http:\/\/shinyyoustationery.com\/pt\/wp-json\/wp\/v2\/product\/33419\/revisions"}],"wp:featuredmedia":[{"embeddable":true,"href":"http:\/\/shinyyoustationery.com\/pt\/wp-json\/wp\/v2\/media\/33421"}],"wp:attachment":[{"href":"http:\/\/shinyyoustationery.com\/pt\/wp-json\/wp\/v2\/media?parent=33419"}],"wp:term":[{"taxonomy":"product_brand","embeddable":true,"href":"http:\/\/shinyyoustationery.com\/pt\/wp-json\/wp\/v2\/product_brand?post=33419"},{"taxonomy":"product_cat","embeddable":true,"href":"http:\/\/shinyyoustationery.com\/pt\/wp-json\/wp\/v2\/product_cat?post=33419"},{"taxonomy":"product_tag","embeddable":true,"href":"http:\/\/shinyyoustationery.com\/pt\/wp-json\/wp\/v2\/product_tag?post=33419"}],"curies":[{"name":"wp","href":"https:\/\/api.w.org\/{rel}","templated":true}]}}