{"id":33522,"date":"2025-06-25T01:49:36","date_gmt":"2025-06-25T09:49:36","guid":{"rendered":"http:\/\/45.63.70.205\/?post_type=product&#038;p=33522"},"modified":"2025-06-25T01:58:46","modified_gmt":"2025-06-25T09:58:46","slug":"wholesale-custom-neon-orange-rubber-bands-for-home-office-school","status":"publish","type":"product","link":"http:\/\/shinyyoustationery.com\/pt\/wholesale-custom-neon-orange-rubber-bands-for-home-office-school\/","title":{"rendered":"Faixas de borracha laranja n\u00e9on personalizadas por atacado para casa, escrit\u00f3rio e escola"},"content":{"rendered":"","protected":false},"excerpt":{"rendered":"<p>Mantenha o seu espa\u00e7o de trabalho ou \u00e1rea de estudo organizado com estes el\u00e1sticos cor de laranja vibrantes! Perfeitos para utilizar no escrit\u00f3rio, na escola ou em casa, estes el\u00e1sticos s\u00e3o ideais para agrupar pap\u00e9is, organizar materiais e fazer trabalhos manuais. O conjunto \u00e9 fornecido num frasco transparente com uma tampa cor de laranja para facilitar a arruma\u00e7\u00e3o, garantindo que tem sempre acesso r\u00e1pido a estes vers\u00e1teis artigos essenciais do dia a dia.<\/p>","protected":false},"featured_media":33524,"template":"","meta":[],"product_brand":[],"product_cat":[699,423],"product_tag":[],"class_list":{"0":"post-33522","1":"product","2":"type-product","3":"status-publish","4":"has-post-thumbnail","6":"product_cat-neon-collection","7":"product_cat-rubber-band","9":"first","10":"instock","11":"shipping-taxable","12":"product-type-simple"},"_links":{"self":[{"href":"http:\/\/shinyyoustationery.com\/pt\/wp-json\/wp\/v2\/product\/33522","targetHints":{"allow":["GET"]}}],"collection":[{"href":"http:\/\/shinyyoustationery.com\/pt\/wp-json\/wp\/v2\/product"}],"about":[{"href":"http:\/\/shinyyoustationery.com\/pt\/wp-json\/wp\/v2\/types\/product"}],"version-history":[{"count":0,"href":"http:\/\/shinyyoustationery.com\/pt\/wp-json\/wp\/v2\/product\/33522\/revisions"}],"wp:featuredmedia":[{"embeddable":true,"href":"http:\/\/shinyyoustationery.com\/pt\/wp-json\/wp\/v2\/media\/33524"}],"wp:attachment":[{"href":"http:\/\/shinyyoustationery.com\/pt\/wp-json\/wp\/v2\/media?parent=33522"}],"wp:term":[{"taxonomy":"product_brand","embeddable":true,"href":"http:\/\/shinyyoustationery.com\/pt\/wp-json\/wp\/v2\/product_brand?post=33522"},{"taxonomy":"product_cat","embeddable":true,"href":"http:\/\/shinyyoustationery.com\/pt\/wp-json\/wp\/v2\/product_cat?post=33522"},{"taxonomy":"product_tag","embeddable":true,"href":"http:\/\/shinyyoustationery.com\/pt\/wp-json\/wp\/v2\/product_tag?post=33522"}],"curies":[{"name":"wp","href":"https:\/\/api.w.org\/{rel}","templated":true}]}}