{"id":33527,"date":"2025-06-25T01:54:03","date_gmt":"2025-06-25T09:54:03","guid":{"rendered":"http:\/\/45.63.70.205\/?post_type=product&#038;p=33527"},"modified":"2025-08-13T04:03:50","modified_gmt":"2025-08-13T12:03:50","slug":"wholesale-custom-neon-orange-document-bag-for-office-or-school","status":"publish","type":"product","link":"http:\/\/shinyyoustationery.com\/pt\/wholesale-custom-neon-orange-document-bag-for-office-or-school\/","title":{"rendered":"Saco de documentos laranja n\u00e9on personalizado por atacado para escrit\u00f3rio ou escola"},"content":{"rendered":"","protected":false},"excerpt":{"rendered":"<p>Mantenha os seus documentos importantes seguros e com estilo com este saco para documentos em laranja n\u00e9on. Com um design elegante e duradouro e um fecho seguro, \u00e9 perfeito para organizar pap\u00e9is, blocos de notas ou projectos. Ideal para utiliza\u00e7\u00e3o em casa, no escrit\u00f3rio ou na escola, este saco vibrante garante que os seus materiais est\u00e3o protegidos e s\u00e3o f\u00e1ceis de transportar.<\/p>","protected":false},"featured_media":33529,"template":"","meta":[],"product_brand":[],"product_cat":[699,412,438,531,532],"product_tag":[],"class_list":{"0":"post-33527","1":"product","2":"type-product","3":"status-publish","4":"has-post-thumbnail","6":"product_cat-neon-collection","7":"product_cat-document-file-folder","8":"product_cat-document-file-holder","9":"product_cat-document-bag-case","10":"product_cat-briefcase","12":"first","13":"instock","14":"shipping-taxable","15":"product-type-simple"},"_links":{"self":[{"href":"http:\/\/shinyyoustationery.com\/pt\/wp-json\/wp\/v2\/product\/33527","targetHints":{"allow":["GET"]}}],"collection":[{"href":"http:\/\/shinyyoustationery.com\/pt\/wp-json\/wp\/v2\/product"}],"about":[{"href":"http:\/\/shinyyoustationery.com\/pt\/wp-json\/wp\/v2\/types\/product"}],"version-history":[{"count":0,"href":"http:\/\/shinyyoustationery.com\/pt\/wp-json\/wp\/v2\/product\/33527\/revisions"}],"wp:featuredmedia":[{"embeddable":true,"href":"http:\/\/shinyyoustationery.com\/pt\/wp-json\/wp\/v2\/media\/33529"}],"wp:attachment":[{"href":"http:\/\/shinyyoustationery.com\/pt\/wp-json\/wp\/v2\/media?parent=33527"}],"wp:term":[{"taxonomy":"product_brand","embeddable":true,"href":"http:\/\/shinyyoustationery.com\/pt\/wp-json\/wp\/v2\/product_brand?post=33527"},{"taxonomy":"product_cat","embeddable":true,"href":"http:\/\/shinyyoustationery.com\/pt\/wp-json\/wp\/v2\/product_cat?post=33527"},{"taxonomy":"product_tag","embeddable":true,"href":"http:\/\/shinyyoustationery.com\/pt\/wp-json\/wp\/v2\/product_tag?post=33527"}],"curies":[{"name":"wp","href":"https:\/\/api.w.org\/{rel}","templated":true}]}}