{"id":33534,"date":"2025-06-25T02:02:49","date_gmt":"2025-06-25T10:02:49","guid":{"rendered":"http:\/\/45.63.70.205\/?post_type=product&#038;p=33534"},"modified":"2025-07-07T15:20:26","modified_gmt":"2025-07-07T07:20:26","slug":"wholesale-custom-neon-pink-and-yellow-zipper-pencil-case-for-school-office","status":"publish","type":"product","link":"http:\/\/shinyyoustationery.com\/pt\/wholesale-custom-neon-pink-and-yellow-zipper-pencil-case-for-school-office\/","title":{"rendered":"Estojo para l\u00e1pis com fecho de correr em rosa n\u00e9on e amarelo para escola e escrit\u00f3rio"},"content":{"rendered":"","protected":false},"excerpt":{"rendered":"<p>D\u00ea um toque de cor vibrante aos seus objectos essenciais da escola ou do escrit\u00f3rio com este estojo de l\u00e1pis rosa e amarelo n\u00e9on. Com um design dur\u00e1vel e transparente e um fecho de correr seguro, \u00e9 perfeito para guardar canetas, l\u00e1pis, borrachas e outros pequenos acess\u00f3rios. Uma escolha divertida e funcional para manter os seus objectos organizados!<\/p>","protected":false},"featured_media":33536,"template":"","meta":[],"product_brand":[],"product_cat":[699,477,520],"product_tag":[],"class_list":{"0":"post-33534","1":"product","2":"type-product","3":"status-publish","4":"has-post-thumbnail","6":"product_cat-neon-collection","7":"product_cat-school-bags","8":"product_cat-pencil-case-pouch","10":"first","11":"instock","12":"shipping-taxable","13":"product-type-simple"},"_links":{"self":[{"href":"http:\/\/shinyyoustationery.com\/pt\/wp-json\/wp\/v2\/product\/33534","targetHints":{"allow":["GET"]}}],"collection":[{"href":"http:\/\/shinyyoustationery.com\/pt\/wp-json\/wp\/v2\/product"}],"about":[{"href":"http:\/\/shinyyoustationery.com\/pt\/wp-json\/wp\/v2\/types\/product"}],"version-history":[{"count":0,"href":"http:\/\/shinyyoustationery.com\/pt\/wp-json\/wp\/v2\/product\/33534\/revisions"}],"wp:featuredmedia":[{"embeddable":true,"href":"http:\/\/shinyyoustationery.com\/pt\/wp-json\/wp\/v2\/media\/33536"}],"wp:attachment":[{"href":"http:\/\/shinyyoustationery.com\/pt\/wp-json\/wp\/v2\/media?parent=33534"}],"wp:term":[{"taxonomy":"product_brand","embeddable":true,"href":"http:\/\/shinyyoustationery.com\/pt\/wp-json\/wp\/v2\/product_brand?post=33534"},{"taxonomy":"product_cat","embeddable":true,"href":"http:\/\/shinyyoustationery.com\/pt\/wp-json\/wp\/v2\/product_cat?post=33534"},{"taxonomy":"product_tag","embeddable":true,"href":"http:\/\/shinyyoustationery.com\/pt\/wp-json\/wp\/v2\/product_tag?post=33534"}],"curies":[{"name":"wp","href":"https:\/\/api.w.org\/{rel}","templated":true}]}}