{"id":33542,"date":"2025-06-25T02:23:31","date_gmt":"2025-06-25T10:23:31","guid":{"rendered":"http:\/\/45.63.70.205\/?post_type=product&#038;p=33542"},"modified":"2025-07-07T15:20:10","modified_gmt":"2025-07-07T07:20:10","slug":"wholesale-custom-neon-orange-and-yellow-zipper-pencil-case-for-school-or-office","status":"publish","type":"product","link":"http:\/\/shinyyoustationery.com\/pt\/wholesale-custom-neon-orange-and-yellow-zipper-pencil-case-for-school-or-office\/","title":{"rendered":"Estojo para l\u00e1pis com fecho de correr em laranja e amarelo, personalizado por grosso, para a escola ou o escrit\u00f3rio"},"content":{"rendered":"","protected":false},"excerpt":{"rendered":"<p>Com um design transparente e duradouro e um fecho de correr suave, \u00e9 perfeita para organizar canetas, l\u00e1pis e pequenos acess\u00f3rios. Uma escolha divertida e funcional para utiliza\u00e7\u00e3o na escola ou no escrit\u00f3rio, dando um toque vibrante \u00e0 sua cole\u00e7\u00e3o de artigos de papelaria.<\/p>","protected":false},"featured_media":33548,"template":"","meta":[],"product_brand":[],"product_cat":[699,477,520],"product_tag":[],"class_list":{"0":"post-33542","1":"product","2":"type-product","3":"status-publish","4":"has-post-thumbnail","6":"product_cat-neon-collection","7":"product_cat-school-bags","8":"product_cat-pencil-case-pouch","10":"first","11":"instock","12":"shipping-taxable","13":"product-type-simple"},"_links":{"self":[{"href":"http:\/\/shinyyoustationery.com\/pt\/wp-json\/wp\/v2\/product\/33542","targetHints":{"allow":["GET"]}}],"collection":[{"href":"http:\/\/shinyyoustationery.com\/pt\/wp-json\/wp\/v2\/product"}],"about":[{"href":"http:\/\/shinyyoustationery.com\/pt\/wp-json\/wp\/v2\/types\/product"}],"version-history":[{"count":0,"href":"http:\/\/shinyyoustationery.com\/pt\/wp-json\/wp\/v2\/product\/33542\/revisions"}],"wp:featuredmedia":[{"embeddable":true,"href":"http:\/\/shinyyoustationery.com\/pt\/wp-json\/wp\/v2\/media\/33548"}],"wp:attachment":[{"href":"http:\/\/shinyyoustationery.com\/pt\/wp-json\/wp\/v2\/media?parent=33542"}],"wp:term":[{"taxonomy":"product_brand","embeddable":true,"href":"http:\/\/shinyyoustationery.com\/pt\/wp-json\/wp\/v2\/product_brand?post=33542"},{"taxonomy":"product_cat","embeddable":true,"href":"http:\/\/shinyyoustationery.com\/pt\/wp-json\/wp\/v2\/product_cat?post=33542"},{"taxonomy":"product_tag","embeddable":true,"href":"http:\/\/shinyyoustationery.com\/pt\/wp-json\/wp\/v2\/product_tag?post=33542"}],"curies":[{"name":"wp","href":"https:\/\/api.w.org\/{rel}","templated":true}]}}