{"id":33553,"date":"2025-06-25T02:50:48","date_gmt":"2025-06-25T10:50:48","guid":{"rendered":"http:\/\/45.63.70.205\/?post_type=product&#038;p=33553"},"modified":"2025-07-07T15:19:56","modified_gmt":"2025-07-07T07:19:56","slug":"wholesale-custom-neon-orange-glossy-pencil-case-for-school-office","status":"publish","type":"product","link":"http:\/\/shinyyoustationery.com\/pt\/wholesale-custom-neon-orange-glossy-pencil-case-for-school-office\/","title":{"rendered":"Caixa de l\u00e1pis brilhante laranja n\u00e9on personalizada por atacado para escola e escrit\u00f3rio"},"content":{"rendered":"","protected":false},"excerpt":{"rendered":"<p>Este estojo elegante e brilhante em laranja \u00e9 perfeito para organizar as suas canetas, l\u00e1pis e pequenos acess\u00f3rios. Com um fecho de correr preto suave, oferece uma forma elegante e duradoura de manter os seus artigos de papelaria bem guardados. Uma escolha vibrante e funcional para utiliza\u00e7\u00e3o na escola e no escrit\u00f3rio.<\/p>","protected":false},"featured_media":33555,"template":"","meta":[],"product_brand":[],"product_cat":[520,477,699],"product_tag":[],"class_list":{"0":"post-33553","1":"product","2":"type-product","3":"status-publish","4":"has-post-thumbnail","6":"product_cat-pencil-case-pouch","7":"product_cat-school-bags","8":"product_cat-neon-collection","10":"first","11":"instock","12":"shipping-taxable","13":"product-type-simple"},"_links":{"self":[{"href":"http:\/\/shinyyoustationery.com\/pt\/wp-json\/wp\/v2\/product\/33553","targetHints":{"allow":["GET"]}}],"collection":[{"href":"http:\/\/shinyyoustationery.com\/pt\/wp-json\/wp\/v2\/product"}],"about":[{"href":"http:\/\/shinyyoustationery.com\/pt\/wp-json\/wp\/v2\/types\/product"}],"version-history":[{"count":0,"href":"http:\/\/shinyyoustationery.com\/pt\/wp-json\/wp\/v2\/product\/33553\/revisions"}],"wp:featuredmedia":[{"embeddable":true,"href":"http:\/\/shinyyoustationery.com\/pt\/wp-json\/wp\/v2\/media\/33555"}],"wp:attachment":[{"href":"http:\/\/shinyyoustationery.com\/pt\/wp-json\/wp\/v2\/media?parent=33553"}],"wp:term":[{"taxonomy":"product_brand","embeddable":true,"href":"http:\/\/shinyyoustationery.com\/pt\/wp-json\/wp\/v2\/product_brand?post=33553"},{"taxonomy":"product_cat","embeddable":true,"href":"http:\/\/shinyyoustationery.com\/pt\/wp-json\/wp\/v2\/product_cat?post=33553"},{"taxonomy":"product_tag","embeddable":true,"href":"http:\/\/shinyyoustationery.com\/pt\/wp-json\/wp\/v2\/product_tag?post=33553"}],"curies":[{"name":"wp","href":"https:\/\/api.w.org\/{rel}","templated":true}]}}