{"id":33580,"date":"2025-06-25T04:22:24","date_gmt":"2025-06-25T12:22:24","guid":{"rendered":"http:\/\/45.63.70.205\/?post_type=product&#038;p=33580"},"modified":"2025-06-25T04:22:24","modified_gmt":"2025-06-25T12:22:24","slug":"wholesale-custom-colorful-stationery-set-for-school-office-multiple-colors","status":"publish","type":"product","link":"http:\/\/shinyyoustationery.com\/pt\/wholesale-custom-colorful-stationery-set-for-school-office-multiple-colors\/","title":{"rendered":"Conjunto de artigos de papelaria coloridos personalizados por atacado para escola e escrit\u00f3rio (v\u00e1rias cores)"},"content":{"rendered":"","protected":false},"excerpt":{"rendered":"<p>Mantenha-se organizado e d\u00ea um pouco de cor ao seu espa\u00e7o de trabalho com este conjunto vibrante de artigos de papelaria, dispon\u00edvel em verde, cor-de-rosa, azul e laranja. Perfeito para utiliza\u00e7\u00e3o na escola e no escrit\u00f3rio, este conjunto inclui uma r\u00e9gua, canetas, l\u00e1pis, afia e borracha para o manter pronto para qualquer tarefa.<\/p>","protected":false},"featured_media":33584,"template":"","meta":[],"product_brand":[],"product_cat":[331,699],"product_tag":[],"class_list":{"0":"post-33580","1":"product","2":"type-product","3":"status-publish","4":"has-post-thumbnail","6":"product_cat-stationery-set","7":"product_cat-neon-collection","9":"first","10":"instock","11":"shipping-taxable","12":"product-type-simple"},"_links":{"self":[{"href":"http:\/\/shinyyoustationery.com\/pt\/wp-json\/wp\/v2\/product\/33580","targetHints":{"allow":["GET"]}}],"collection":[{"href":"http:\/\/shinyyoustationery.com\/pt\/wp-json\/wp\/v2\/product"}],"about":[{"href":"http:\/\/shinyyoustationery.com\/pt\/wp-json\/wp\/v2\/types\/product"}],"version-history":[{"count":0,"href":"http:\/\/shinyyoustationery.com\/pt\/wp-json\/wp\/v2\/product\/33580\/revisions"}],"wp:featuredmedia":[{"embeddable":true,"href":"http:\/\/shinyyoustationery.com\/pt\/wp-json\/wp\/v2\/media\/33584"}],"wp:attachment":[{"href":"http:\/\/shinyyoustationery.com\/pt\/wp-json\/wp\/v2\/media?parent=33580"}],"wp:term":[{"taxonomy":"product_brand","embeddable":true,"href":"http:\/\/shinyyoustationery.com\/pt\/wp-json\/wp\/v2\/product_brand?post=33580"},{"taxonomy":"product_cat","embeddable":true,"href":"http:\/\/shinyyoustationery.com\/pt\/wp-json\/wp\/v2\/product_cat?post=33580"},{"taxonomy":"product_tag","embeddable":true,"href":"http:\/\/shinyyoustationery.com\/pt\/wp-json\/wp\/v2\/product_tag?post=33580"}],"curies":[{"name":"wp","href":"https:\/\/api.w.org\/{rel}","templated":true}]}}