{"id":33588,"date":"2025-06-25T04:30:28","date_gmt":"2025-06-25T12:30:28","guid":{"rendered":"http:\/\/45.63.70.205\/?post_type=product&#038;p=33588"},"modified":"2025-06-25T04:40:34","modified_gmt":"2025-06-25T12:40:34","slug":"wholesale-custom-vibrant-orange-and-green-stationery-set-for-school-office","status":"publish","type":"product","link":"http:\/\/shinyyoustationery.com\/pt\/wholesale-custom-vibrant-orange-and-green-stationery-set-for-school-office\/","title":{"rendered":"Conjunto de artigos de papelaria laranja e verde vibrante por atacado para escola e escrit\u00f3rio"},"content":{"rendered":"","protected":false},"excerpt":{"rendered":"<p>Mantenha-se organizado e com estilo com este conjunto colorido de artigos de papelaria. Dispon\u00edvel em laranja brilhante e verde, cada conjunto inclui artigos essenciais como canetas, l\u00e1pis, borrachas, afias e notas adesivas em v\u00e1rias cores vibrantes. Perfeito para casa, escrit\u00f3rio ou escola, este conjunto garante que tem todas as ferramentas necess\u00e1rias para a produtividade e criatividade.<\/p>","protected":false},"featured_media":33591,"template":"","meta":[],"product_brand":[],"product_cat":[331,380,699],"product_tag":[],"class_list":{"0":"post-33588","1":"product","2":"type-product","3":"status-publish","4":"has-post-thumbnail","6":"product_cat-stationery-set","7":"product_cat-school-stationery","8":"product_cat-neon-collection","10":"first","11":"instock","12":"shipping-taxable","13":"product-type-simple"},"_links":{"self":[{"href":"http:\/\/shinyyoustationery.com\/pt\/wp-json\/wp\/v2\/product\/33588","targetHints":{"allow":["GET"]}}],"collection":[{"href":"http:\/\/shinyyoustationery.com\/pt\/wp-json\/wp\/v2\/product"}],"about":[{"href":"http:\/\/shinyyoustationery.com\/pt\/wp-json\/wp\/v2\/types\/product"}],"version-history":[{"count":0,"href":"http:\/\/shinyyoustationery.com\/pt\/wp-json\/wp\/v2\/product\/33588\/revisions"}],"wp:featuredmedia":[{"embeddable":true,"href":"http:\/\/shinyyoustationery.com\/pt\/wp-json\/wp\/v2\/media\/33591"}],"wp:attachment":[{"href":"http:\/\/shinyyoustationery.com\/pt\/wp-json\/wp\/v2\/media?parent=33588"}],"wp:term":[{"taxonomy":"product_brand","embeddable":true,"href":"http:\/\/shinyyoustationery.com\/pt\/wp-json\/wp\/v2\/product_brand?post=33588"},{"taxonomy":"product_cat","embeddable":true,"href":"http:\/\/shinyyoustationery.com\/pt\/wp-json\/wp\/v2\/product_cat?post=33588"},{"taxonomy":"product_tag","embeddable":true,"href":"http:\/\/shinyyoustationery.com\/pt\/wp-json\/wp\/v2\/product_tag?post=33588"}],"curies":[{"name":"wp","href":"https:\/\/api.w.org\/{rel}","templated":true}]}}