{"id":33625,"date":"2025-06-25T23:18:17","date_gmt":"2025-06-26T07:18:17","guid":{"rendered":"http:\/\/45.63.70.205\/?post_type=product&#038;p=33625"},"modified":"2025-06-25T23:19:24","modified_gmt":"2025-06-26T07:19:24","slug":"wholesale-custom-a5-pu-leather-journal-pink-blue-gradient-for-office-school","status":"publish","type":"product","link":"http:\/\/shinyyoustationery.com\/pt\/wholesale-custom-a5-pu-leather-journal-pink-blue-gradient-for-office-school\/","title":{"rendered":"Atacado personalizado A5 PU Leather Journal Gradiente rosa e azul para escrit\u00f3rio e escola"},"content":{"rendered":"","protected":false},"excerpt":{"rendered":"<p>Este deslumbrante di\u00e1rio A5 em pele PU apresenta um bonito design de gradiente iridescente, passando de rosa para azul. Ideal para utiliza\u00e7\u00e3o na escola e no escrit\u00f3rio, o di\u00e1rio tem uma capa dura duradoura e uma banda el\u00e1stica para um fecho seguro. A divertida etiqueta \"JOURNAL\" acrescenta um toque de personalidade, tornando-o uma adi\u00e7\u00e3o elegante e funcional \u00e0 sua cole\u00e7\u00e3o de artigos de papelaria. Perfeito para escrever, tomar notas ou escrever um di\u00e1rio.<\/p>","protected":false},"featured_media":33626,"template":"","meta":[],"product_brand":[],"product_cat":[667,494,495,684],"product_tag":[],"class_list":{"0":"post-33625","1":"product","2":"type-product","3":"status-publish","4":"has-post-thumbnail","6":"product_cat-hardcover-notebook","7":"product_cat-composition-notebook","8":"product_cat-exercise-book","9":"product_cat-fashion-collection","11":"first","12":"instock","13":"shipping-taxable","14":"product-type-simple"},"_links":{"self":[{"href":"http:\/\/shinyyoustationery.com\/pt\/wp-json\/wp\/v2\/product\/33625","targetHints":{"allow":["GET"]}}],"collection":[{"href":"http:\/\/shinyyoustationery.com\/pt\/wp-json\/wp\/v2\/product"}],"about":[{"href":"http:\/\/shinyyoustationery.com\/pt\/wp-json\/wp\/v2\/types\/product"}],"version-history":[{"count":0,"href":"http:\/\/shinyyoustationery.com\/pt\/wp-json\/wp\/v2\/product\/33625\/revisions"}],"wp:featuredmedia":[{"embeddable":true,"href":"http:\/\/shinyyoustationery.com\/pt\/wp-json\/wp\/v2\/media\/33626"}],"wp:attachment":[{"href":"http:\/\/shinyyoustationery.com\/pt\/wp-json\/wp\/v2\/media?parent=33625"}],"wp:term":[{"taxonomy":"product_brand","embeddable":true,"href":"http:\/\/shinyyoustationery.com\/pt\/wp-json\/wp\/v2\/product_brand?post=33625"},{"taxonomy":"product_cat","embeddable":true,"href":"http:\/\/shinyyoustationery.com\/pt\/wp-json\/wp\/v2\/product_cat?post=33625"},{"taxonomy":"product_tag","embeddable":true,"href":"http:\/\/shinyyoustationery.com\/pt\/wp-json\/wp\/v2\/product_tag?post=33625"}],"curies":[{"name":"wp","href":"https:\/\/api.w.org\/{rel}","templated":true}]}}