{"id":33629,"date":"2025-06-25T23:45:40","date_gmt":"2025-06-26T07:45:40","guid":{"rendered":"http:\/\/45.63.70.205\/?post_type=product&#038;p=33629"},"modified":"2025-06-25T23:45:40","modified_gmt":"2025-06-26T07:45:40","slug":"wholesale-custom-iridescent-a5-pu-leather-journal-with-pink-elastic-band-stylish-notebook-for-school-office","status":"publish","type":"product","link":"http:\/\/shinyyoustationery.com\/pt\/wholesale-custom-iridescent-a5-pu-leather-journal-with-pink-elastic-band-stylish-notebook-for-school-office\/","title":{"rendered":"Di\u00e1rio em pele iridescente A5 PU com el\u00e1stico cor-de-rosa - Bloco de notas com estilo para a escola e o escrit\u00f3rio"},"content":{"rendered":"","protected":false},"excerpt":{"rendered":"<p>Este fant\u00e1stico di\u00e1rio A5 em pele PU apresenta uma capa iridescente e hologr\u00e1fica com um el\u00e1stico cor-de-rosa suave, tornando-o perfeito para utiliza\u00e7\u00e3o na escola e no escrit\u00f3rio. A superf\u00edcie lisa e reflectora d\u00e1 um toque \u00fanico \u00e0 sua cole\u00e7\u00e3o de artigos de papelaria. Ideal para tomar notas, escrever um di\u00e1rio ou organizar as suas ideias com estilo, este caderno duradouro garante que os seus pensamentos s\u00e3o mantidos em seguran\u00e7a e facilmente acess\u00edveis.<\/p>","protected":false},"featured_media":33633,"template":"","meta":[],"product_brand":[],"product_cat":[667,494,495,684],"product_tag":[],"class_list":{"0":"post-33629","1":"product","2":"type-product","3":"status-publish","4":"has-post-thumbnail","6":"product_cat-hardcover-notebook","7":"product_cat-composition-notebook","8":"product_cat-exercise-book","9":"product_cat-fashion-collection","11":"first","12":"instock","13":"shipping-taxable","14":"product-type-simple"},"_links":{"self":[{"href":"http:\/\/shinyyoustationery.com\/pt\/wp-json\/wp\/v2\/product\/33629","targetHints":{"allow":["GET"]}}],"collection":[{"href":"http:\/\/shinyyoustationery.com\/pt\/wp-json\/wp\/v2\/product"}],"about":[{"href":"http:\/\/shinyyoustationery.com\/pt\/wp-json\/wp\/v2\/types\/product"}],"version-history":[{"count":0,"href":"http:\/\/shinyyoustationery.com\/pt\/wp-json\/wp\/v2\/product\/33629\/revisions"}],"wp:featuredmedia":[{"embeddable":true,"href":"http:\/\/shinyyoustationery.com\/pt\/wp-json\/wp\/v2\/media\/33633"}],"wp:attachment":[{"href":"http:\/\/shinyyoustationery.com\/pt\/wp-json\/wp\/v2\/media?parent=33629"}],"wp:term":[{"taxonomy":"product_brand","embeddable":true,"href":"http:\/\/shinyyoustationery.com\/pt\/wp-json\/wp\/v2\/product_brand?post=33629"},{"taxonomy":"product_cat","embeddable":true,"href":"http:\/\/shinyyoustationery.com\/pt\/wp-json\/wp\/v2\/product_cat?post=33629"},{"taxonomy":"product_tag","embeddable":true,"href":"http:\/\/shinyyoustationery.com\/pt\/wp-json\/wp\/v2\/product_tag?post=33629"}],"curies":[{"name":"wp","href":"https:\/\/api.w.org\/{rel}","templated":true}]}}