{"id":33638,"date":"2025-06-26T00:11:07","date_gmt":"2025-06-26T08:11:07","guid":{"rendered":"http:\/\/45.63.70.205\/?post_type=product&#038;p=33638"},"modified":"2025-06-26T00:20:02","modified_gmt":"2025-06-26T08:20:02","slug":"wholesale-custom-iridescent-a4-pu-hardcover-notebook-stylish-journal-for-office-school","status":"publish","type":"product","link":"http:\/\/shinyyoustationery.com\/pt\/wholesale-custom-iridescent-a4-pu-hardcover-notebook-stylish-journal-for-office-school\/","title":{"rendered":"Caderno de capa dura A4 PU iridescente personalizado por atacado Di\u00e1rio elegante para escrit\u00f3rio e escola"},"content":{"rendered":"","protected":false},"excerpt":{"rendered":"<p>Este bloco de notas em pele PU de tamanho A4 apresenta uma capa iridescente deslumbrante com a ousada impress\u00e3o \"SAVAGE NOT AVERAGE\", o que o torna uma adi\u00e7\u00e3o divertida e apelativa aos seus artigos de escrit\u00f3rio ou escolares. As suas cores vibrantes mudam com a luz, acrescentando um toque extra de estilo \u00e0s suas anota\u00e7\u00f5es ou di\u00e1rios. A capa dura duradoura garante a prote\u00e7\u00e3o das suas p\u00e1ginas, enquanto o tamanho espa\u00e7oso oferece um amplo espa\u00e7o para escrever, desenhar e organizar os seus pensamentos. Perfeito para quem gosta de se destacar!<\/p>","protected":false},"featured_media":33640,"template":"","meta":[],"product_brand":[],"product_cat":[495,494,667,684],"product_tag":[],"class_list":{"0":"post-33638","1":"product","2":"type-product","3":"status-publish","4":"has-post-thumbnail","6":"product_cat-exercise-book","7":"product_cat-composition-notebook","8":"product_cat-hardcover-notebook","9":"product_cat-fashion-collection","11":"first","12":"instock","13":"shipping-taxable","14":"product-type-simple"},"_links":{"self":[{"href":"http:\/\/shinyyoustationery.com\/pt\/wp-json\/wp\/v2\/product\/33638","targetHints":{"allow":["GET"]}}],"collection":[{"href":"http:\/\/shinyyoustationery.com\/pt\/wp-json\/wp\/v2\/product"}],"about":[{"href":"http:\/\/shinyyoustationery.com\/pt\/wp-json\/wp\/v2\/types\/product"}],"version-history":[{"count":0,"href":"http:\/\/shinyyoustationery.com\/pt\/wp-json\/wp\/v2\/product\/33638\/revisions"}],"wp:featuredmedia":[{"embeddable":true,"href":"http:\/\/shinyyoustationery.com\/pt\/wp-json\/wp\/v2\/media\/33640"}],"wp:attachment":[{"href":"http:\/\/shinyyoustationery.com\/pt\/wp-json\/wp\/v2\/media?parent=33638"}],"wp:term":[{"taxonomy":"product_brand","embeddable":true,"href":"http:\/\/shinyyoustationery.com\/pt\/wp-json\/wp\/v2\/product_brand?post=33638"},{"taxonomy":"product_cat","embeddable":true,"href":"http:\/\/shinyyoustationery.com\/pt\/wp-json\/wp\/v2\/product_cat?post=33638"},{"taxonomy":"product_tag","embeddable":true,"href":"http:\/\/shinyyoustationery.com\/pt\/wp-json\/wp\/v2\/product_tag?post=33638"}],"curies":[{"name":"wp","href":"https:\/\/api.w.org\/{rel}","templated":true}]}}