{"id":33642,"date":"2025-06-26T00:22:00","date_gmt":"2025-06-26T08:22:00","guid":{"rendered":"http:\/\/45.63.70.205\/?post_type=product&#038;p=33642"},"modified":"2025-06-26T00:26:37","modified_gmt":"2025-06-26T08:26:37","slug":"wholesale-custom-teal-a4-hardcover-notebook-bold-journal-for-office-school","status":"publish","type":"product","link":"http:\/\/shinyyoustationery.com\/pt\/wholesale-custom-teal-a4-hardcover-notebook-bold-journal-for-office-school\/","title":{"rendered":"Atacado Personalizado Teal A4 Caderno de capa dura Di\u00e1rio em negrito para escrit\u00f3rio e escola"},"content":{"rendered":"","protected":false},"excerpt":{"rendered":"<p>Este vibrante caderno de capa dura A4 em azul-petr\u00f3leo apresenta um design divertido com frases ousadas como \"GRL PWR\", \"BITE ME\" e \"OMG\", tornando-o perfeito para quem gosta de expressar a sua personalidade. Ideal para o escrit\u00f3rio, escola ou uso pessoal, este caderno oferece um amplo espa\u00e7o para tomar notas, escrever no di\u00e1rio e organizar os seus pensamentos de uma forma divertida e colorida. A capa resistente garante a prote\u00e7\u00e3o das suas p\u00e1ginas, enquanto o design en\u00e9rgico d\u00e1 um toque de frescura ao seu espa\u00e7o de trabalho.<\/p>","protected":false},"featured_media":33644,"template":"","meta":[],"product_brand":[],"product_cat":[495,494,667,684],"product_tag":[],"class_list":{"0":"post-33642","1":"product","2":"type-product","3":"status-publish","4":"has-post-thumbnail","6":"product_cat-exercise-book","7":"product_cat-composition-notebook","8":"product_cat-hardcover-notebook","9":"product_cat-fashion-collection","11":"first","12":"instock","13":"shipping-taxable","14":"product-type-simple"},"_links":{"self":[{"href":"http:\/\/shinyyoustationery.com\/pt\/wp-json\/wp\/v2\/product\/33642","targetHints":{"allow":["GET"]}}],"collection":[{"href":"http:\/\/shinyyoustationery.com\/pt\/wp-json\/wp\/v2\/product"}],"about":[{"href":"http:\/\/shinyyoustationery.com\/pt\/wp-json\/wp\/v2\/types\/product"}],"version-history":[{"count":0,"href":"http:\/\/shinyyoustationery.com\/pt\/wp-json\/wp\/v2\/product\/33642\/revisions"}],"wp:featuredmedia":[{"embeddable":true,"href":"http:\/\/shinyyoustationery.com\/pt\/wp-json\/wp\/v2\/media\/33644"}],"wp:attachment":[{"href":"http:\/\/shinyyoustationery.com\/pt\/wp-json\/wp\/v2\/media?parent=33642"}],"wp:term":[{"taxonomy":"product_brand","embeddable":true,"href":"http:\/\/shinyyoustationery.com\/pt\/wp-json\/wp\/v2\/product_brand?post=33642"},{"taxonomy":"product_cat","embeddable":true,"href":"http:\/\/shinyyoustationery.com\/pt\/wp-json\/wp\/v2\/product_cat?post=33642"},{"taxonomy":"product_tag","embeddable":true,"href":"http:\/\/shinyyoustationery.com\/pt\/wp-json\/wp\/v2\/product_tag?post=33642"}],"curies":[{"name":"wp","href":"https:\/\/api.w.org\/{rel}","templated":true}]}}