{"id":33675,"date":"2025-06-26T03:59:51","date_gmt":"2025-06-26T11:59:51","guid":{"rendered":"http:\/\/45.63.70.205\/?post_type=product&#038;p=33675"},"modified":"2025-07-14T01:01:21","modified_gmt":"2025-07-14T09:01:21","slug":"pink-cosmetic-bag-stylish-and-transparent-organizer-for-makeup-accessories-or-travel","status":"publish","type":"product","link":"http:\/\/shinyyoustationery.com\/pt\/pink-cosmetic-bag-stylish-and-transparent-organizer-for-makeup-accessories-or-travel\/","title":{"rendered":"Saco de cosm\u00e9ticos cor-de-rosa - Organizador elegante e transparente para maquilhagem, acess\u00f3rios ou viagens"},"content":{"rendered":"","protected":false},"excerpt":{"rendered":"<p>Mantenha os seus artigos essenciais organizados e elegantes com a <strong data-start=\"193\" data-end=\"214\">Moda Mini Girl<\/strong> bolsa de cosm\u00e9tica cor-de-rosa. Feita de um material dur\u00e1vel e transparente, esta bolsa apresenta uma impress\u00e3o arrojada \"FASHION MINI GIRL\" e \u00e9 perfeita para guardar maquilhagem, pequenos acess\u00f3rios ou artigos de viagem. O seu tamanho compacto e o seu design apelativo fazem dela a escolha ideal para uma utiliza\u00e7\u00e3o em movimento, quer v\u00e1 para o escrit\u00f3rio, para o gin\u00e1sio ou para uma viagem de fim de semana. Elegante, pr\u00e1tico e divertido - o complemento perfeito para os seus objectos essenciais di\u00e1rios.<\/p>","protected":false},"featured_media":33694,"template":"","meta":[],"product_brand":[],"product_cat":[700,404,533,537],"product_tag":[],"class_list":{"0":"post-33675","1":"product","2":"type-product","3":"status-publish","4":"has-post-thumbnail","6":"product_cat-hot-pink-power-girl-collection","7":"product_cat-bags-cases","8":"product_cat-organizer-bag","9":"product_cat-cosmetic-bag","11":"first","12":"instock","13":"shipping-taxable","14":"product-type-simple"},"_links":{"self":[{"href":"http:\/\/shinyyoustationery.com\/pt\/wp-json\/wp\/v2\/product\/33675","targetHints":{"allow":["GET"]}}],"collection":[{"href":"http:\/\/shinyyoustationery.com\/pt\/wp-json\/wp\/v2\/product"}],"about":[{"href":"http:\/\/shinyyoustationery.com\/pt\/wp-json\/wp\/v2\/types\/product"}],"version-history":[{"count":0,"href":"http:\/\/shinyyoustationery.com\/pt\/wp-json\/wp\/v2\/product\/33675\/revisions"}],"wp:featuredmedia":[{"embeddable":true,"href":"http:\/\/shinyyoustationery.com\/pt\/wp-json\/wp\/v2\/media\/33694"}],"wp:attachment":[{"href":"http:\/\/shinyyoustationery.com\/pt\/wp-json\/wp\/v2\/media?parent=33675"}],"wp:term":[{"taxonomy":"product_brand","embeddable":true,"href":"http:\/\/shinyyoustationery.com\/pt\/wp-json\/wp\/v2\/product_brand?post=33675"},{"taxonomy":"product_cat","embeddable":true,"href":"http:\/\/shinyyoustationery.com\/pt\/wp-json\/wp\/v2\/product_cat?post=33675"},{"taxonomy":"product_tag","embeddable":true,"href":"http:\/\/shinyyoustationery.com\/pt\/wp-json\/wp\/v2\/product_tag?post=33675"}],"curies":[{"name":"wp","href":"https:\/\/api.w.org\/{rel}","templated":true}]}}