{"id":33707,"date":"2025-06-26T18:38:40","date_gmt":"2025-06-27T02:38:40","guid":{"rendered":"http:\/\/45.63.70.205\/?post_type=product&#038;p=33707"},"modified":"2025-07-07T15:32:19","modified_gmt":"2025-07-07T07:32:19","slug":"wholesale-custom-pixel-chomp-diy-coloring-tote-bag-eco-friendly-bag-for-creative-kids-and-adults","status":"publish","type":"product","link":"http:\/\/shinyyoustationery.com\/pt\/wholesale-custom-pixel-chomp-diy-coloring-tote-bag-eco-friendly-bag-for-creative-kids-and-adults\/","title":{"rendered":"Saco para colorir DIY Pixel e Chomp personalizado por atacado - Saco ecol\u00f3gico para crian\u00e7as e adultos criativos"},"content":{"rendered":"","protected":false},"excerpt":{"rendered":"<p>Liberta a tua criatividade com o saco de colorir \"Pixel &amp; Chomp\" DIY! Esta bolsa \u00fanica vem com um conjunto de marcadores coloridos, permitindo-lhe personalizar a divertida personagem Pixel &amp; Chomp a seu gosto. Perfeito para crian\u00e7as, artistas ou qualquer pessoa que goste de dar um toque pessoal aos seus acess\u00f3rios. Fabricado em algod\u00e3o dur\u00e1vel numa cor bege clara, este saco ecol\u00f3gico \u00e9 ideal para transportar os objectos essenciais do dia a dia, enquanto mostra o seu talento art\u00edstico. Quer seja para um dia de passeio, para a escola ou para um projeto de artesanato, este saco vai certamente destacar-se!<\/p>","protected":false},"featured_media":33702,"template":"","meta":[],"product_brand":[],"product_cat":[404,535,701,705],"product_tag":[],"class_list":{"0":"post-33707","1":"product","2":"type-product","3":"status-publish","4":"has-post-thumbnail","6":"product_cat-bags-cases","7":"product_cat-storage-bag","8":"product_cat-pixel-chomp-collection","9":"product_cat-tote-bag","11":"first","12":"instock","13":"shipping-taxable","14":"product-type-simple"},"_links":{"self":[{"href":"http:\/\/shinyyoustationery.com\/pt\/wp-json\/wp\/v2\/product\/33707","targetHints":{"allow":["GET"]}}],"collection":[{"href":"http:\/\/shinyyoustationery.com\/pt\/wp-json\/wp\/v2\/product"}],"about":[{"href":"http:\/\/shinyyoustationery.com\/pt\/wp-json\/wp\/v2\/types\/product"}],"version-history":[{"count":0,"href":"http:\/\/shinyyoustationery.com\/pt\/wp-json\/wp\/v2\/product\/33707\/revisions"}],"wp:featuredmedia":[{"embeddable":true,"href":"http:\/\/shinyyoustationery.com\/pt\/wp-json\/wp\/v2\/media\/33702"}],"wp:attachment":[{"href":"http:\/\/shinyyoustationery.com\/pt\/wp-json\/wp\/v2\/media?parent=33707"}],"wp:term":[{"taxonomy":"product_brand","embeddable":true,"href":"http:\/\/shinyyoustationery.com\/pt\/wp-json\/wp\/v2\/product_brand?post=33707"},{"taxonomy":"product_cat","embeddable":true,"href":"http:\/\/shinyyoustationery.com\/pt\/wp-json\/wp\/v2\/product_cat?post=33707"},{"taxonomy":"product_tag","embeddable":true,"href":"http:\/\/shinyyoustationery.com\/pt\/wp-json\/wp\/v2\/product_tag?post=33707"}],"curies":[{"name":"wp","href":"https:\/\/api.w.org\/{rel}","templated":true}]}}