{"id":33717,"date":"2025-06-26T19:30:18","date_gmt":"2025-06-27T03:30:18","guid":{"rendered":"http:\/\/45.63.70.205\/?post_type=product&#038;p=33717"},"modified":"2025-07-14T01:01:47","modified_gmt":"2025-07-14T09:01:47","slug":"morphe-x-jeffree-star-pink-cosmetic-bag-sleek-and-stylish-makeup-organizer","status":"publish","type":"product","link":"http:\/\/shinyyoustationery.com\/pt\/morphe-x-jeffree-star-pink-cosmetic-bag-sleek-and-stylish-makeup-organizer\/","title":{"rendered":"Morphe X Jeffree Star Saco de Cosm\u00e9ticos Cor-de-Rosa Organizador de Maquilhagem Elegante e Fino"},"content":{"rendered":"","protected":false},"excerpt":{"rendered":"<p>Esta bolsa de cosm\u00e9ticos rosa vibrante da cole\u00e7\u00e3o Morphe X Jeffree Star \u00e9 um must-have para os amantes da beleza. O seu acabamento brilhante e o seu design elegante tornam-na perfeita para organizar a maquilhagem, os pinc\u00e9is e outros objectos essenciais. A bolsa \u00e9 compacta mas espa\u00e7osa, oferecendo um amplo espa\u00e7o para os seus artigos de beleza, mantendo-os bem organizados. Quer esteja em casa ou em viagem, esta bolsa elegante e funcional acrescenta um toque de cor \u00e0 sua rotina de beleza.<\/p>","protected":false},"featured_media":33719,"template":"","meta":[],"product_brand":[],"product_cat":[700,404,533,537],"product_tag":[],"class_list":{"0":"post-33717","1":"product","2":"type-product","3":"status-publish","4":"has-post-thumbnail","6":"product_cat-hot-pink-power-girl-collection","7":"product_cat-bags-cases","8":"product_cat-organizer-bag","9":"product_cat-cosmetic-bag","11":"first","12":"instock","13":"shipping-taxable","14":"product-type-simple"},"_links":{"self":[{"href":"http:\/\/shinyyoustationery.com\/pt\/wp-json\/wp\/v2\/product\/33717","targetHints":{"allow":["GET"]}}],"collection":[{"href":"http:\/\/shinyyoustationery.com\/pt\/wp-json\/wp\/v2\/product"}],"about":[{"href":"http:\/\/shinyyoustationery.com\/pt\/wp-json\/wp\/v2\/types\/product"}],"version-history":[{"count":0,"href":"http:\/\/shinyyoustationery.com\/pt\/wp-json\/wp\/v2\/product\/33717\/revisions"}],"wp:featuredmedia":[{"embeddable":true,"href":"http:\/\/shinyyoustationery.com\/pt\/wp-json\/wp\/v2\/media\/33719"}],"wp:attachment":[{"href":"http:\/\/shinyyoustationery.com\/pt\/wp-json\/wp\/v2\/media?parent=33717"}],"wp:term":[{"taxonomy":"product_brand","embeddable":true,"href":"http:\/\/shinyyoustationery.com\/pt\/wp-json\/wp\/v2\/product_brand?post=33717"},{"taxonomy":"product_cat","embeddable":true,"href":"http:\/\/shinyyoustationery.com\/pt\/wp-json\/wp\/v2\/product_cat?post=33717"},{"taxonomy":"product_tag","embeddable":true,"href":"http:\/\/shinyyoustationery.com\/pt\/wp-json\/wp\/v2\/product_tag?post=33717"}],"curies":[{"name":"wp","href":"https:\/\/api.w.org\/{rel}","templated":true}]}}