{"id":33730,"date":"2025-06-26T21:22:08","date_gmt":"2025-06-27T05:22:08","guid":{"rendered":"http:\/\/45.63.70.205\/?post_type=product&#038;p=33730"},"modified":"2025-07-14T00:57:04","modified_gmt":"2025-07-14T08:57:04","slug":"pink-transparent-pencil-case-with-tassel-fun-and-functional-organizer","status":"publish","type":"product","link":"http:\/\/shinyyoustationery.com\/pt\/pink-transparent-pencil-case-with-tassel-fun-and-functional-organizer\/","title":{"rendered":"Porta-l\u00e1pis transparente cor-de-rosa com borla Organizador divertido e funcional"},"content":{"rendered":"","protected":false},"excerpt":{"rendered":"<p>D\u00ea um toque de cor aos seus artigos de papelaria com este estojo de l\u00e1pis cor-de-rosa vibrante. O design transparente brilhante facilita a visualiza\u00e7\u00e3o e o acesso aos seus materiais, enquanto a borla elegante acrescenta um toque de estilo. Perfeito para a escola, trabalho ou viagens, este estojo compacto e funcional \u00e9 ideal para guardar canetas, l\u00e1pis, pinc\u00e9is de maquilhagem ou outros pequenos objectos essenciais. A sua cor rosa arrojada torna-a simultaneamente apelativa e pr\u00e1tica.<\/p>","protected":false},"featured_media":33732,"template":"","meta":[],"product_brand":[],"product_cat":[700,404,520],"product_tag":[],"class_list":{"0":"post-33730","1":"product","2":"type-product","3":"status-publish","4":"has-post-thumbnail","6":"product_cat-hot-pink-power-girl-collection","7":"product_cat-bags-cases","8":"product_cat-pencil-case-pouch","10":"first","11":"instock","12":"shipping-taxable","13":"product-type-simple"},"_links":{"self":[{"href":"http:\/\/shinyyoustationery.com\/pt\/wp-json\/wp\/v2\/product\/33730","targetHints":{"allow":["GET"]}}],"collection":[{"href":"http:\/\/shinyyoustationery.com\/pt\/wp-json\/wp\/v2\/product"}],"about":[{"href":"http:\/\/shinyyoustationery.com\/pt\/wp-json\/wp\/v2\/types\/product"}],"version-history":[{"count":0,"href":"http:\/\/shinyyoustationery.com\/pt\/wp-json\/wp\/v2\/product\/33730\/revisions"}],"wp:featuredmedia":[{"embeddable":true,"href":"http:\/\/shinyyoustationery.com\/pt\/wp-json\/wp\/v2\/media\/33732"}],"wp:attachment":[{"href":"http:\/\/shinyyoustationery.com\/pt\/wp-json\/wp\/v2\/media?parent=33730"}],"wp:term":[{"taxonomy":"product_brand","embeddable":true,"href":"http:\/\/shinyyoustationery.com\/pt\/wp-json\/wp\/v2\/product_brand?post=33730"},{"taxonomy":"product_cat","embeddable":true,"href":"http:\/\/shinyyoustationery.com\/pt\/wp-json\/wp\/v2\/product_cat?post=33730"},{"taxonomy":"product_tag","embeddable":true,"href":"http:\/\/shinyyoustationery.com\/pt\/wp-json\/wp\/v2\/product_tag?post=33730"}],"curies":[{"name":"wp","href":"https:\/\/api.w.org\/{rel}","templated":true}]}}