{"id":33735,"date":"2025-06-26T21:31:30","date_gmt":"2025-06-27T05:31:30","guid":{"rendered":"http:\/\/45.63.70.205\/?post_type=product&#038;p=33735"},"modified":"2025-07-14T00:57:17","modified_gmt":"2025-07-14T08:57:17","slug":"colorful-iridescent-pencil-case-with-heart-pom-pom-fun-and-fashionable-organizer","status":"publish","type":"product","link":"http:\/\/shinyyoustationery.com\/pt\/colorful-iridescent-pencil-case-with-heart-pom-pom-fun-and-fashionable-organizer\/","title":{"rendered":"Estojo de l\u00e1pis colorido iridescente com cora\u00e7\u00e3o e pompom Organizador divertido e elegante"},"content":{"rendered":"","protected":false},"excerpt":{"rendered":"<p>D\u00ea um toque divertido \u00e0 sua cole\u00e7\u00e3o de artigos de papelaria com este estojo iridescente. Com um bonito design de cora\u00e7\u00e3o e um fecho de correr com pompom fofo, esta bolsa vibrante e multicolorida \u00e9 perfeita para manter as suas canetas, l\u00e1pis e pequenos acess\u00f3rios organizados. O seu acabamento brilhante, tipo arco-\u00edris, capta a luz de forma \u00fanica, tornando-a funcional e moderna. Ideal para estudantes, artistas ou qualquer pessoa que goste de dar um toque de cor aos seus objectos do dia a dia!<\/p>","protected":false},"featured_media":33737,"template":"","meta":[],"product_brand":[],"product_cat":[520,404,700],"product_tag":[],"class_list":{"0":"post-33735","1":"product","2":"type-product","3":"status-publish","4":"has-post-thumbnail","6":"product_cat-pencil-case-pouch","7":"product_cat-bags-cases","8":"product_cat-hot-pink-power-girl-collection","10":"first","11":"instock","12":"shipping-taxable","13":"product-type-simple"},"_links":{"self":[{"href":"http:\/\/shinyyoustationery.com\/pt\/wp-json\/wp\/v2\/product\/33735","targetHints":{"allow":["GET"]}}],"collection":[{"href":"http:\/\/shinyyoustationery.com\/pt\/wp-json\/wp\/v2\/product"}],"about":[{"href":"http:\/\/shinyyoustationery.com\/pt\/wp-json\/wp\/v2\/types\/product"}],"version-history":[{"count":0,"href":"http:\/\/shinyyoustationery.com\/pt\/wp-json\/wp\/v2\/product\/33735\/revisions"}],"wp:featuredmedia":[{"embeddable":true,"href":"http:\/\/shinyyoustationery.com\/pt\/wp-json\/wp\/v2\/media\/33737"}],"wp:attachment":[{"href":"http:\/\/shinyyoustationery.com\/pt\/wp-json\/wp\/v2\/media?parent=33735"}],"wp:term":[{"taxonomy":"product_brand","embeddable":true,"href":"http:\/\/shinyyoustationery.com\/pt\/wp-json\/wp\/v2\/product_brand?post=33735"},{"taxonomy":"product_cat","embeddable":true,"href":"http:\/\/shinyyoustationery.com\/pt\/wp-json\/wp\/v2\/product_cat?post=33735"},{"taxonomy":"product_tag","embeddable":true,"href":"http:\/\/shinyyoustationery.com\/pt\/wp-json\/wp\/v2\/product_tag?post=33735"}],"curies":[{"name":"wp","href":"https:\/\/api.w.org\/{rel}","templated":true}]}}