{"id":33739,"date":"2025-06-26T21:41:31","date_gmt":"2025-06-27T05:41:31","guid":{"rendered":"http:\/\/45.63.70.205\/?post_type=product&#038;p=33739"},"modified":"2025-07-14T00:57:29","modified_gmt":"2025-07-14T08:57:29","slug":"pink-cat-themed-iridescent-pencil-case-with-pom-pom-cute-and-stylish-organizer","status":"publish","type":"product","link":"http:\/\/shinyyoustationery.com\/pt\/pink-cat-themed-iridescent-pencil-case-with-pom-pom-cute-and-stylish-organizer\/","title":{"rendered":"Estojo de l\u00e1pis iridescente com tema de gato cor-de-rosa e organizador giro e elegante com pompom"},"content":{"rendered":"","protected":false},"excerpt":{"rendered":"<p>Este estojo de l\u00e1pis l\u00fadico combina divers\u00e3o e funcionalidade com a sua cor rosa vibrante e o seu bonito design inspirado num gato. Com um acabamento iridescente e um fecho de correr com pompom fofo, \u00e9 perfeito para estudantes, artistas ou qualquer pessoa que goste de acess\u00f3rios peculiares. A parte superior transparente permite-lhe ver facilmente o seu conte\u00fado, mantendo-o organizado. Compacto e elegante, este estojo para l\u00e1pis \u00e9 ideal para a escola, viagens ou uso quotidiano!<\/p>","protected":false},"featured_media":33741,"template":"","meta":[],"product_brand":[],"product_cat":[520,404,700],"product_tag":[],"class_list":{"0":"post-33739","1":"product","2":"type-product","3":"status-publish","4":"has-post-thumbnail","6":"product_cat-pencil-case-pouch","7":"product_cat-bags-cases","8":"product_cat-hot-pink-power-girl-collection","10":"first","11":"instock","12":"shipping-taxable","13":"product-type-simple"},"_links":{"self":[{"href":"http:\/\/shinyyoustationery.com\/pt\/wp-json\/wp\/v2\/product\/33739","targetHints":{"allow":["GET"]}}],"collection":[{"href":"http:\/\/shinyyoustationery.com\/pt\/wp-json\/wp\/v2\/product"}],"about":[{"href":"http:\/\/shinyyoustationery.com\/pt\/wp-json\/wp\/v2\/types\/product"}],"version-history":[{"count":0,"href":"http:\/\/shinyyoustationery.com\/pt\/wp-json\/wp\/v2\/product\/33739\/revisions"}],"wp:featuredmedia":[{"embeddable":true,"href":"http:\/\/shinyyoustationery.com\/pt\/wp-json\/wp\/v2\/media\/33741"}],"wp:attachment":[{"href":"http:\/\/shinyyoustationery.com\/pt\/wp-json\/wp\/v2\/media?parent=33739"}],"wp:term":[{"taxonomy":"product_brand","embeddable":true,"href":"http:\/\/shinyyoustationery.com\/pt\/wp-json\/wp\/v2\/product_brand?post=33739"},{"taxonomy":"product_cat","embeddable":true,"href":"http:\/\/shinyyoustationery.com\/pt\/wp-json\/wp\/v2\/product_cat?post=33739"},{"taxonomy":"product_tag","embeddable":true,"href":"http:\/\/shinyyoustationery.com\/pt\/wp-json\/wp\/v2\/product_tag?post=33739"}],"curies":[{"name":"wp","href":"https:\/\/api.w.org\/{rel}","templated":true}]}}