{"id":33748,"date":"2025-06-26T21:46:38","date_gmt":"2025-06-27T05:46:38","guid":{"rendered":"http:\/\/45.63.70.205\/?post_type=product&#038;p=33748"},"modified":"2025-06-26T21:51:02","modified_gmt":"2025-06-27T05:51:02","slug":"enjoy-themed-iridescent-pencil-case-vibrant-fun-and-practical-organizer","status":"publish","type":"product","link":"http:\/\/shinyyoustationery.com\/pt\/enjoy-themed-iridescent-pencil-case-vibrant-fun-and-practical-organizer\/","title":{"rendered":"Estojo de l\u00e1pis iridescente com o tema Enjoy Organizador vibrante, divertido e pr\u00e1tico"},"content":{"rendered":"","protected":false},"excerpt":{"rendered":"<p>Este estojo iridescente d\u00e1 um toque de cor e alegria aos seus objectos essenciais do dia a dia. Com o alegre slogan \"ENJOY\" e uma cara sorridente, este estojo divertido e elegante \u00e9 perfeito para acrescentar positividade ao seu material escolar ou de escrit\u00f3rio. O seu design colorido e cintilante e o fecho cor-de-rosa brilhante tornam-no apelativo e pr\u00e1tico para organizar as suas canetas, l\u00e1pis e pequenos acess\u00f3rios. Quer esteja na escola, no trabalho ou a viajar, este estojo vai certamente espalhar alguma felicidade!<\/p>","protected":false},"featured_media":33750,"template":"","meta":[],"product_brand":[],"product_cat":[520,404,700],"product_tag":[],"class_list":{"0":"post-33748","1":"product","2":"type-product","3":"status-publish","4":"has-post-thumbnail","6":"product_cat-pencil-case-pouch","7":"product_cat-bags-cases","8":"product_cat-hot-pink-power-girl-collection","10":"first","11":"instock","12":"shipping-taxable","13":"product-type-simple"},"_links":{"self":[{"href":"http:\/\/shinyyoustationery.com\/pt\/wp-json\/wp\/v2\/product\/33748","targetHints":{"allow":["GET"]}}],"collection":[{"href":"http:\/\/shinyyoustationery.com\/pt\/wp-json\/wp\/v2\/product"}],"about":[{"href":"http:\/\/shinyyoustationery.com\/pt\/wp-json\/wp\/v2\/types\/product"}],"version-history":[{"count":0,"href":"http:\/\/shinyyoustationery.com\/pt\/wp-json\/wp\/v2\/product\/33748\/revisions"}],"wp:featuredmedia":[{"embeddable":true,"href":"http:\/\/shinyyoustationery.com\/pt\/wp-json\/wp\/v2\/media\/33750"}],"wp:attachment":[{"href":"http:\/\/shinyyoustationery.com\/pt\/wp-json\/wp\/v2\/media?parent=33748"}],"wp:term":[{"taxonomy":"product_brand","embeddable":true,"href":"http:\/\/shinyyoustationery.com\/pt\/wp-json\/wp\/v2\/product_brand?post=33748"},{"taxonomy":"product_cat","embeddable":true,"href":"http:\/\/shinyyoustationery.com\/pt\/wp-json\/wp\/v2\/product_cat?post=33748"},{"taxonomy":"product_tag","embeddable":true,"href":"http:\/\/shinyyoustationery.com\/pt\/wp-json\/wp\/v2\/product_tag?post=33748"}],"curies":[{"name":"wp","href":"https:\/\/api.w.org\/{rel}","templated":true}]}}