{"id":33757,"date":"2025-06-26T22:00:35","date_gmt":"2025-06-27T06:00:35","guid":{"rendered":"http:\/\/45.63.70.205\/?post_type=product&#038;p=33757"},"modified":"2025-06-26T22:02:39","modified_gmt":"2025-06-27T06:02:39","slug":"iridescent-sunglasses-inspired-pencil-case-fun-and-fashionable-organizer","status":"publish","type":"product","link":"http:\/\/shinyyoustationery.com\/pt\/iridescent-sunglasses-inspired-pencil-case-fun-and-fashionable-organizer\/","title":{"rendered":"Estojo para l\u00e1pis inspirado nos \u00f3culos de sol iridescentes Organizador divertido e moderno"},"content":{"rendered":"","protected":false},"excerpt":{"rendered":"<p>Este estojo divertido, inspirado nos \u00f3culos de sol, \u00e9 uma forma elegante de organizar os seus objectos essenciais. Com o seu acabamento iridescente que muda de cor de rosa para azul, apresenta um design \u00fanico que se assemelha aos modernos \u00f3culos de sol olho de gato. O fecho cor-de-rosa vibrante e o corpo transparente fazem dele um acess\u00f3rio divertido e funcional para estudantes, artistas ou qualquer pessoa que adore designs peculiares e apelativos. Perfeito para manter as suas canetas, l\u00e1pis ou outros objectos pequenos organizados de uma forma elegante!<\/p>","protected":false},"featured_media":33753,"template":"","meta":[],"product_brand":[],"product_cat":[520,404,700],"product_tag":[],"class_list":{"0":"post-33757","1":"product","2":"type-product","3":"status-publish","4":"has-post-thumbnail","6":"product_cat-pencil-case-pouch","7":"product_cat-bags-cases","8":"product_cat-hot-pink-power-girl-collection","10":"first","11":"instock","12":"shipping-taxable","13":"product-type-simple"},"_links":{"self":[{"href":"http:\/\/shinyyoustationery.com\/pt\/wp-json\/wp\/v2\/product\/33757","targetHints":{"allow":["GET"]}}],"collection":[{"href":"http:\/\/shinyyoustationery.com\/pt\/wp-json\/wp\/v2\/product"}],"about":[{"href":"http:\/\/shinyyoustationery.com\/pt\/wp-json\/wp\/v2\/types\/product"}],"version-history":[{"count":0,"href":"http:\/\/shinyyoustationery.com\/pt\/wp-json\/wp\/v2\/product\/33757\/revisions"}],"wp:featuredmedia":[{"embeddable":true,"href":"http:\/\/shinyyoustationery.com\/pt\/wp-json\/wp\/v2\/media\/33753"}],"wp:attachment":[{"href":"http:\/\/shinyyoustationery.com\/pt\/wp-json\/wp\/v2\/media?parent=33757"}],"wp:term":[{"taxonomy":"product_brand","embeddable":true,"href":"http:\/\/shinyyoustationery.com\/pt\/wp-json\/wp\/v2\/product_brand?post=33757"},{"taxonomy":"product_cat","embeddable":true,"href":"http:\/\/shinyyoustationery.com\/pt\/wp-json\/wp\/v2\/product_cat?post=33757"},{"taxonomy":"product_tag","embeddable":true,"href":"http:\/\/shinyyoustationery.com\/pt\/wp-json\/wp\/v2\/product_tag?post=33757"}],"curies":[{"name":"wp","href":"https:\/\/api.w.org\/{rel}","templated":true}]}}