{"id":33761,"date":"2025-06-26T22:03:39","date_gmt":"2025-06-27T06:03:39","guid":{"rendered":"http:\/\/45.63.70.205\/?post_type=product&#038;p=33761"},"modified":"2025-06-26T22:09:38","modified_gmt":"2025-06-27T06:09:38","slug":"trendy-pink-purple-transparent-pouch-perfect-for-beach-days-summer-fun","status":"publish","type":"product","link":"http:\/\/shinyyoustationery.com\/pt\/trendy-pink-purple-transparent-pouch-perfect-for-beach-days-summer-fun\/","title":{"rendered":"Bolsa transparente cor-de-rosa e roxa na moda, perfeita para dias de praia e divers\u00e3o de ver\u00e3o"},"content":{"rendered":"","protected":false},"excerpt":{"rendered":"<p>Esta bolsa vibrante \"No Shades, Just Sunshine\" \u00e9 perfeita para os dias de sol! Com o seu design iridescente colorido que muda de rosa para azul, d\u00e1 um toque alegre e divertido a qualquer cole\u00e7\u00e3o. A mensagem positiva e ousada torna-a ideal para transportar pequenos objectos como cosm\u00e9ticos, artigos de papelaria ou mesmo os seus \u00f3culos de sol. Compacta e elegante, esta bolsa \u00e9 perfeita para dias de praia, viagens ou simplesmente para dar um pouco de sol \u00e0 sua rotina di\u00e1ria!<\/p>","protected":false},"featured_media":33762,"template":"","meta":[],"product_brand":[],"product_cat":[520,404,700],"product_tag":[],"class_list":{"0":"post-33761","1":"product","2":"type-product","3":"status-publish","4":"has-post-thumbnail","6":"product_cat-pencil-case-pouch","7":"product_cat-bags-cases","8":"product_cat-hot-pink-power-girl-collection","10":"first","11":"instock","12":"shipping-taxable","13":"product-type-simple"},"_links":{"self":[{"href":"http:\/\/shinyyoustationery.com\/pt\/wp-json\/wp\/v2\/product\/33761","targetHints":{"allow":["GET"]}}],"collection":[{"href":"http:\/\/shinyyoustationery.com\/pt\/wp-json\/wp\/v2\/product"}],"about":[{"href":"http:\/\/shinyyoustationery.com\/pt\/wp-json\/wp\/v2\/types\/product"}],"version-history":[{"count":0,"href":"http:\/\/shinyyoustationery.com\/pt\/wp-json\/wp\/v2\/product\/33761\/revisions"}],"wp:featuredmedia":[{"embeddable":true,"href":"http:\/\/shinyyoustationery.com\/pt\/wp-json\/wp\/v2\/media\/33762"}],"wp:attachment":[{"href":"http:\/\/shinyyoustationery.com\/pt\/wp-json\/wp\/v2\/media?parent=33761"}],"wp:term":[{"taxonomy":"product_brand","embeddable":true,"href":"http:\/\/shinyyoustationery.com\/pt\/wp-json\/wp\/v2\/product_brand?post=33761"},{"taxonomy":"product_cat","embeddable":true,"href":"http:\/\/shinyyoustationery.com\/pt\/wp-json\/wp\/v2\/product_cat?post=33761"},{"taxonomy":"product_tag","embeddable":true,"href":"http:\/\/shinyyoustationery.com\/pt\/wp-json\/wp\/v2\/product_tag?post=33761"}],"curies":[{"name":"wp","href":"https:\/\/api.w.org\/{rel}","templated":true}]}}