{"id":33767,"date":"2025-06-26T22:40:09","date_gmt":"2025-06-27T06:40:09","guid":{"rendered":"http:\/\/45.63.70.205\/?post_type=product&#038;p=33767"},"modified":"2025-07-07T15:22:58","modified_gmt":"2025-07-07T07:22:58","slug":"fun-pink-glittery-cat-coin-purse-perfect-for-kids-cute-accessory-lovers","status":"publish","type":"product","link":"http:\/\/shinyyoustationery.com\/pt\/fun-pink-glittery-cat-coin-purse-perfect-for-kids-cute-accessory-lovers\/","title":{"rendered":"Porta-moedas para gatos com brilhantes cor-de-rosa, perfeito para crian\u00e7as e amantes de acess\u00f3rios giros"},"content":{"rendered":"","protected":false},"excerpt":{"rendered":"<p>Este ador\u00e1vel porta-moedas cor-de-rosa apresenta um desenho divertido de um gato, com orelhas brilhantes e lantejoulas coloridas. Perfeito para crian\u00e7as ou para quem procura uma forma divertida e gira de guardar pequenos objectos, como moedas ou acess\u00f3rios. Um acess\u00f3rio caprichoso e funcional para o dia a dia!<\/p>","protected":false},"featured_media":33768,"template":"","meta":[],"product_brand":[],"product_cat":[700,716,404,477],"product_tag":[],"class_list":{"0":"post-33767","1":"product","2":"type-product","3":"status-publish","4":"has-post-thumbnail","6":"product_cat-hot-pink-power-girl-collection","7":"product_cat-coin-purse","8":"product_cat-bags-cases","9":"product_cat-school-bags","11":"first","12":"instock","13":"shipping-taxable","14":"product-type-simple"},"_links":{"self":[{"href":"http:\/\/shinyyoustationery.com\/pt\/wp-json\/wp\/v2\/product\/33767","targetHints":{"allow":["GET"]}}],"collection":[{"href":"http:\/\/shinyyoustationery.com\/pt\/wp-json\/wp\/v2\/product"}],"about":[{"href":"http:\/\/shinyyoustationery.com\/pt\/wp-json\/wp\/v2\/types\/product"}],"version-history":[{"count":0,"href":"http:\/\/shinyyoustationery.com\/pt\/wp-json\/wp\/v2\/product\/33767\/revisions"}],"wp:featuredmedia":[{"embeddable":true,"href":"http:\/\/shinyyoustationery.com\/pt\/wp-json\/wp\/v2\/media\/33768"}],"wp:attachment":[{"href":"http:\/\/shinyyoustationery.com\/pt\/wp-json\/wp\/v2\/media?parent=33767"}],"wp:term":[{"taxonomy":"product_brand","embeddable":true,"href":"http:\/\/shinyyoustationery.com\/pt\/wp-json\/wp\/v2\/product_brand?post=33767"},{"taxonomy":"product_cat","embeddable":true,"href":"http:\/\/shinyyoustationery.com\/pt\/wp-json\/wp\/v2\/product_cat?post=33767"},{"taxonomy":"product_tag","embeddable":true,"href":"http:\/\/shinyyoustationery.com\/pt\/wp-json\/wp\/v2\/product_tag?post=33767"}],"curies":[{"name":"wp","href":"https:\/\/api.w.org\/{rel}","templated":true}]}}