{"id":33775,"date":"2025-06-26T22:48:35","date_gmt":"2025-06-27T06:48:35","guid":{"rendered":"http:\/\/45.63.70.205\/?post_type=product&#038;p=33775"},"modified":"2025-07-07T15:23:11","modified_gmt":"2025-07-07T07:23:11","slug":"pink-star-pencil-case-for-kids-cute-functional-organizer-for-school-supplies","status":"publish","type":"product","link":"http:\/\/shinyyoustationery.com\/pt\/pink-star-pencil-case-for-kids-cute-functional-organizer-for-school-supplies\/","title":{"rendered":"Estojo de l\u00e1pis com estrela cor-de-rosa para crian\u00e7as - Organizador giro e funcional para material escolar"},"content":{"rendered":"","protected":false},"excerpt":{"rendered":"<p>Este ador\u00e1vel estojo cor-de-rosa \u00e9 perfeito para os jovens estudantes que adoram acess\u00f3rios brilhantes e divertidos. Com um pormenor de estrela prateada, acrescenta um toque de brilho a qualquer dia de escola. O design dur\u00e1vel e compacto torna-o ideal para organizar l\u00e1pis, canetas e outros objectos pequenos. Quer seja para a escola, para material art\u00edstico ou para uso di\u00e1rio, este estojo combina funcionalidade e estilo divertido.<\/p>","protected":false},"featured_media":33776,"template":"","meta":[],"product_brand":[],"product_cat":[404,477,520,700,716],"product_tag":[],"class_list":{"0":"post-33775","1":"product","2":"type-product","3":"status-publish","4":"has-post-thumbnail","6":"product_cat-bags-cases","7":"product_cat-school-bags","8":"product_cat-pencil-case-pouch","9":"product_cat-hot-pink-power-girl-collection","10":"product_cat-coin-purse","12":"first","13":"instock","14":"shipping-taxable","15":"product-type-simple"},"_links":{"self":[{"href":"http:\/\/shinyyoustationery.com\/pt\/wp-json\/wp\/v2\/product\/33775","targetHints":{"allow":["GET"]}}],"collection":[{"href":"http:\/\/shinyyoustationery.com\/pt\/wp-json\/wp\/v2\/product"}],"about":[{"href":"http:\/\/shinyyoustationery.com\/pt\/wp-json\/wp\/v2\/types\/product"}],"version-history":[{"count":0,"href":"http:\/\/shinyyoustationery.com\/pt\/wp-json\/wp\/v2\/product\/33775\/revisions"}],"wp:featuredmedia":[{"embeddable":true,"href":"http:\/\/shinyyoustationery.com\/pt\/wp-json\/wp\/v2\/media\/33776"}],"wp:attachment":[{"href":"http:\/\/shinyyoustationery.com\/pt\/wp-json\/wp\/v2\/media?parent=33775"}],"wp:term":[{"taxonomy":"product_brand","embeddable":true,"href":"http:\/\/shinyyoustationery.com\/pt\/wp-json\/wp\/v2\/product_brand?post=33775"},{"taxonomy":"product_cat","embeddable":true,"href":"http:\/\/shinyyoustationery.com\/pt\/wp-json\/wp\/v2\/product_cat?post=33775"},{"taxonomy":"product_tag","embeddable":true,"href":"http:\/\/shinyyoustationery.com\/pt\/wp-json\/wp\/v2\/product_tag?post=33775"}],"curies":[{"name":"wp","href":"https:\/\/api.w.org\/{rel}","templated":true}]}}