{"id":33783,"date":"2025-06-26T23:20:17","date_gmt":"2025-06-27T07:20:17","guid":{"rendered":"http:\/\/45.63.70.205\/?post_type=product&#038;p=33783"},"modified":"2025-06-26T23:20:17","modified_gmt":"2025-06-27T07:20:17","slug":"pink-iridescent-mini-backpack-stylish-fun-for-teens-and-kids","status":"publish","type":"product","link":"http:\/\/shinyyoustationery.com\/pt\/pink-iridescent-mini-backpack-stylish-fun-for-teens-and-kids\/","title":{"rendered":"Mini mochila cor-de-rosa iridescente - elegante e divertida para adolescentes e crian\u00e7as"},"content":{"rendered":"","protected":false},"excerpt":{"rendered":"<p>Esta mini mochila apelativa apresenta um acabamento iridescente cor-de-rosa vibrante, perfeito para quem gosta de acess\u00f3rios arrojados e coloridos. Com um fecho de correr dourado e um design elegante, est\u00e1 na moda e \u00e9 pr\u00e1tica para transportar os seus objectos essenciais di\u00e1rios, seja para a escola, viagens ou passeios casuais. O tamanho compacto e o acabamento brilhante fazem dela uma pe\u00e7a de destaque para quem procura dar um toque de divers\u00e3o e estilo ao seu guarda-roupa!<\/p>","protected":false},"featured_media":33784,"template":"","meta":[],"product_brand":[],"product_cat":[700,517,518],"product_tag":[],"class_list":{"0":"post-33783","1":"product","2":"type-product","3":"status-publish","4":"has-post-thumbnail","6":"product_cat-hot-pink-power-girl-collection","7":"product_cat-backpack","8":"product_cat-school-backpack","10":"first","11":"instock","12":"shipping-taxable","13":"product-type-simple"},"_links":{"self":[{"href":"http:\/\/shinyyoustationery.com\/pt\/wp-json\/wp\/v2\/product\/33783","targetHints":{"allow":["GET"]}}],"collection":[{"href":"http:\/\/shinyyoustationery.com\/pt\/wp-json\/wp\/v2\/product"}],"about":[{"href":"http:\/\/shinyyoustationery.com\/pt\/wp-json\/wp\/v2\/types\/product"}],"version-history":[{"count":0,"href":"http:\/\/shinyyoustationery.com\/pt\/wp-json\/wp\/v2\/product\/33783\/revisions"}],"wp:featuredmedia":[{"embeddable":true,"href":"http:\/\/shinyyoustationery.com\/pt\/wp-json\/wp\/v2\/media\/33784"}],"wp:attachment":[{"href":"http:\/\/shinyyoustationery.com\/pt\/wp-json\/wp\/v2\/media?parent=33783"}],"wp:term":[{"taxonomy":"product_brand","embeddable":true,"href":"http:\/\/shinyyoustationery.com\/pt\/wp-json\/wp\/v2\/product_brand?post=33783"},{"taxonomy":"product_cat","embeddable":true,"href":"http:\/\/shinyyoustationery.com\/pt\/wp-json\/wp\/v2\/product_cat?post=33783"},{"taxonomy":"product_tag","embeddable":true,"href":"http:\/\/shinyyoustationery.com\/pt\/wp-json\/wp\/v2\/product_tag?post=33783"}],"curies":[{"name":"wp","href":"https:\/\/api.w.org\/{rel}","templated":true}]}}