{"id":33801,"date":"2025-06-27T00:36:46","date_gmt":"2025-06-27T08:36:46","guid":{"rendered":"http:\/\/45.63.70.205\/?post_type=product&#038;p=33801"},"modified":"2025-06-27T00:40:52","modified_gmt":"2025-06-27T08:40:52","slug":"sparkly-pink-sequin-pencil-case-fun-and-shiny-hardtop-case-for-kids-teens-and-students","status":"publish","type":"product","link":"http:\/\/shinyyoustationery.com\/pt\/sparkly-pink-sequin-pencil-case-fun-and-shiny-hardtop-case-for-kids-teens-and-students\/","title":{"rendered":"Estojo de l\u00e1pis com lantejoulas cor-de-rosa brilhante e divertido para crian\u00e7as, adolescentes e estudantes"},"content":{"rendered":"","protected":false},"excerpt":{"rendered":"<p>D\u00ea um toque de brilho ao seu material escolar com este <strong data-start=\"185\" data-end=\"220\">Estojo de l\u00e1pis com lantejoulas cor-de-rosa<\/strong>. Com um exterior de lantejoulas cor-de-rosa vibrante e detalhes prateados cintilantes, este estojo r\u00edgido \u00e9 perfeito para manter as suas canetas, l\u00e1pis e pequenos acess\u00f3rios organizados. O divertido fecho de correr em forma de cora\u00e7\u00e3o confere um toque extra, tornando-o na escolha ideal para crian\u00e7as, adolescentes ou qualquer pessoa que goste de um pouco de glamour. Perfeito para a escola, viagens ou como presente, este estojo confere estilo e funcionalidade aos seus objectos essenciais do dia a dia.<\/p>","protected":false},"featured_media":33803,"template":"","meta":[],"product_brand":[],"product_cat":[700,520],"product_tag":[],"class_list":{"0":"post-33801","1":"product","2":"type-product","3":"status-publish","4":"has-post-thumbnail","6":"product_cat-hot-pink-power-girl-collection","7":"product_cat-pencil-case-pouch","9":"first","10":"instock","11":"shipping-taxable","12":"product-type-simple"},"_links":{"self":[{"href":"http:\/\/shinyyoustationery.com\/pt\/wp-json\/wp\/v2\/product\/33801","targetHints":{"allow":["GET"]}}],"collection":[{"href":"http:\/\/shinyyoustationery.com\/pt\/wp-json\/wp\/v2\/product"}],"about":[{"href":"http:\/\/shinyyoustationery.com\/pt\/wp-json\/wp\/v2\/types\/product"}],"version-history":[{"count":0,"href":"http:\/\/shinyyoustationery.com\/pt\/wp-json\/wp\/v2\/product\/33801\/revisions"}],"wp:featuredmedia":[{"embeddable":true,"href":"http:\/\/shinyyoustationery.com\/pt\/wp-json\/wp\/v2\/media\/33803"}],"wp:attachment":[{"href":"http:\/\/shinyyoustationery.com\/pt\/wp-json\/wp\/v2\/media?parent=33801"}],"wp:term":[{"taxonomy":"product_brand","embeddable":true,"href":"http:\/\/shinyyoustationery.com\/pt\/wp-json\/wp\/v2\/product_brand?post=33801"},{"taxonomy":"product_cat","embeddable":true,"href":"http:\/\/shinyyoustationery.com\/pt\/wp-json\/wp\/v2\/product_cat?post=33801"},{"taxonomy":"product_tag","embeddable":true,"href":"http:\/\/shinyyoustationery.com\/pt\/wp-json\/wp\/v2\/product_tag?post=33801"}],"curies":[{"name":"wp","href":"https:\/\/api.w.org\/{rel}","templated":true}]}}