{"id":33846,"date":"2025-06-27T02:13:23","date_gmt":"2025-06-27T10:13:23","guid":{"rendered":"http:\/\/45.63.70.205\/?post_type=product&#038;p=33846"},"modified":"2025-06-27T02:16:46","modified_gmt":"2025-06-27T10:16:46","slug":"iridescent-purple-pencil-case-stylish-zippered-pouch-for-school-office","status":"publish","type":"product","link":"http:\/\/shinyyoustationery.com\/pt\/iridescent-purple-pencil-case-stylish-zippered-pouch-for-school-office\/","title":{"rendered":"Estojo para l\u00e1pis roxo iridescente - Bolsa com fecho de correr elegante para a escola e o escrit\u00f3rio"},"content":{"rendered":"","protected":false},"excerpt":{"rendered":"<p data-start=\"105\" data-end=\"578\">D\u00ea um toque de brilho e estilo com este <strong data-start=\"176\" data-end=\"209\">Estojo de l\u00e1pis roxo iridescente<\/strong>. Com o seu atraente acabamento em roxo met\u00e1lico e um design elegante e compacto, este estojo \u00e9 perfeito para organizar canetas, l\u00e1pis e outros pequenos acess\u00f3rios. Ideal para estudantes, profissionais ou qualquer pessoa que goste de um pouco de cor e brilho nos seus objectos essenciais di\u00e1rios. Quer seja para a escola, trabalho ou viagens, este estojo vibrante mant\u00e9m os seus objectos seguros e facilmente acess\u00edveis.<\/p>","protected":false},"featured_media":33847,"template":"","meta":[],"product_brand":[],"product_cat":[700,520],"product_tag":[],"class_list":{"0":"post-33846","1":"product","2":"type-product","3":"status-publish","4":"has-post-thumbnail","6":"product_cat-hot-pink-power-girl-collection","7":"product_cat-pencil-case-pouch","9":"first","10":"instock","11":"shipping-taxable","12":"product-type-simple"},"_links":{"self":[{"href":"http:\/\/shinyyoustationery.com\/pt\/wp-json\/wp\/v2\/product\/33846","targetHints":{"allow":["GET"]}}],"collection":[{"href":"http:\/\/shinyyoustationery.com\/pt\/wp-json\/wp\/v2\/product"}],"about":[{"href":"http:\/\/shinyyoustationery.com\/pt\/wp-json\/wp\/v2\/types\/product"}],"version-history":[{"count":0,"href":"http:\/\/shinyyoustationery.com\/pt\/wp-json\/wp\/v2\/product\/33846\/revisions"}],"wp:featuredmedia":[{"embeddable":true,"href":"http:\/\/shinyyoustationery.com\/pt\/wp-json\/wp\/v2\/media\/33847"}],"wp:attachment":[{"href":"http:\/\/shinyyoustationery.com\/pt\/wp-json\/wp\/v2\/media?parent=33846"}],"wp:term":[{"taxonomy":"product_brand","embeddable":true,"href":"http:\/\/shinyyoustationery.com\/pt\/wp-json\/wp\/v2\/product_brand?post=33846"},{"taxonomy":"product_cat","embeddable":true,"href":"http:\/\/shinyyoustationery.com\/pt\/wp-json\/wp\/v2\/product_cat?post=33846"},{"taxonomy":"product_tag","embeddable":true,"href":"http:\/\/shinyyoustationery.com\/pt\/wp-json\/wp\/v2\/product_tag?post=33846"}],"curies":[{"name":"wp","href":"https:\/\/api.w.org\/{rel}","templated":true}]}}