{"id":33866,"date":"2025-06-27T02:39:47","date_gmt":"2025-06-27T10:39:47","guid":{"rendered":"http:\/\/45.63.70.205\/?post_type=product&#038;p=33866"},"modified":"2025-06-27T02:42:51","modified_gmt":"2025-06-27T10:42:51","slug":"glossy-purple-pencil-case-sleek-organizer-for-school-office-or-travel","status":"publish","type":"product","link":"http:\/\/shinyyoustationery.com\/pt\/glossy-purple-pencil-case-sleek-organizer-for-school-office-or-travel\/","title":{"rendered":"Estojo de l\u00e1pis roxo brilhante - Organizador elegante para a escola, escrit\u00f3rio ou viagens"},"content":{"rendered":"","protected":false},"excerpt":{"rendered":"<p data-start=\"105\" data-end=\"578\">Este <strong data-start=\"127\" data-end=\"156\">Estojo de l\u00e1pis roxo brilhante<\/strong> apresenta um acabamento vibrante e de alto brilho, tornando-o numa adi\u00e7\u00e3o elegante aos seus objectos essenciais di\u00e1rios. O seu design compacto \u00e9 perfeito para manter canetas, l\u00e1pis e outros objectos pequenos bem organizados, quer esteja na escola, no escrit\u00f3rio ou em viagem. Com o seu fecho duradouro e a sua cor apelativa, \u00e9 perfeita para estudantes, profissionais ou qualquer pessoa que pretenda dar um toque de cor aos seus acess\u00f3rios.<\/p>","protected":false},"featured_media":33867,"template":"","meta":[],"product_brand":[],"product_cat":[700,520],"product_tag":[],"class_list":{"0":"post-33866","1":"product","2":"type-product","3":"status-publish","4":"has-post-thumbnail","6":"product_cat-hot-pink-power-girl-collection","7":"product_cat-pencil-case-pouch","9":"first","10":"instock","11":"shipping-taxable","12":"product-type-simple"},"_links":{"self":[{"href":"http:\/\/shinyyoustationery.com\/pt\/wp-json\/wp\/v2\/product\/33866","targetHints":{"allow":["GET"]}}],"collection":[{"href":"http:\/\/shinyyoustationery.com\/pt\/wp-json\/wp\/v2\/product"}],"about":[{"href":"http:\/\/shinyyoustationery.com\/pt\/wp-json\/wp\/v2\/types\/product"}],"version-history":[{"count":0,"href":"http:\/\/shinyyoustationery.com\/pt\/wp-json\/wp\/v2\/product\/33866\/revisions"}],"wp:featuredmedia":[{"embeddable":true,"href":"http:\/\/shinyyoustationery.com\/pt\/wp-json\/wp\/v2\/media\/33867"}],"wp:attachment":[{"href":"http:\/\/shinyyoustationery.com\/pt\/wp-json\/wp\/v2\/media?parent=33866"}],"wp:term":[{"taxonomy":"product_brand","embeddable":true,"href":"http:\/\/shinyyoustationery.com\/pt\/wp-json\/wp\/v2\/product_brand?post=33866"},{"taxonomy":"product_cat","embeddable":true,"href":"http:\/\/shinyyoustationery.com\/pt\/wp-json\/wp\/v2\/product_cat?post=33866"},{"taxonomy":"product_tag","embeddable":true,"href":"http:\/\/shinyyoustationery.com\/pt\/wp-json\/wp\/v2\/product_tag?post=33866"}],"curies":[{"name":"wp","href":"https:\/\/api.w.org\/{rel}","templated":true}]}}